{"id":21158,"date":"2023-12-29T13:48:12","date_gmt":"2023-12-29T12:48:12","guid":{"rendered":"https:\/\/locations-06.fr\/informacao-juridica\/"},"modified":"2025-07-14T20:57:07","modified_gmt":"2025-07-14T18:57:07","slug":"informacao-juridica","status":"publish","type":"page","link":"https:\/\/locations-06.fr\/pt-pt\/informacao-juridica\/","title":{"rendered":"Informa\u00e7\u00e3o jur\u00eddica"},"content":{"rendered":"\t\t<div data-elementor-type=\"wp-page\" data-elementor-id=\"21158\" class=\"elementor elementor-21158 elementor-59\">\n\t\t\t\t<div class=\"elementor-element elementor-element-f6b9264 e-flex e-con-boxed e-con e-parent\" data-id=\"f6b9264\" data-element_type=\"container\" data-e-type=\"container\">\n\t\t\t\t\t<div class=\"e-con-inner\">\n\t\t\t\t<div class=\"elementor-element elementor-element-2737699 elementor-widget elementor-widget-heading\" data-id=\"2737699\" data-element_type=\"widget\" data-e-type=\"widget\" data-widget_type=\"heading.default\">\n\t\t\t\t<div class=\"elementor-widget-container\">\n\t\t\t\t\t<h1 class=\"elementor-heading-title elementor-size-default\">Informa\u00e7\u00e3o jur\u00eddica<\/h1>\t\t\t\t<\/div>\n\t\t\t\t<\/div>\n\t\t\t\t\t<\/div>\n\t\t\t\t<\/div>\n\t\t<div class=\"elementor-element elementor-element-a3c259c e-flex e-con-boxed e-con e-parent\" data-id=\"a3c259c\" data-element_type=\"container\" data-e-type=\"container\">\n\t\t\t\t\t<div class=\"e-con-inner\">\n\t\t\t\t<div class=\"elementor-element elementor-element-8a24a9d elementor-widget elementor-widget-text-editor\" data-id=\"8a24a9d\" data-element_type=\"widget\" data-e-type=\"widget\" data-widget_type=\"text-editor.default\">\n\t\t\t\t<div class=\"elementor-widget-container\">\n\t\t\t\t\t\t\t\t\t<p>Informa\u00e7\u00e3o jur\u00eddica<\/p>\t\t\t\t\t\t\t\t<\/div>\n\t\t\t\t<\/div>\n\t\t\t\t\t<\/div>\n\t\t\t\t<\/div>\n\t\t<div class=\"elementor-element elementor-element-f941534 e-flex e-con-boxed e-con e-parent\" data-id=\"f941534\" data-element_type=\"container\" data-e-type=\"container\">\n\t\t\t\t\t<div class=\"e-con-inner\">\n\t\t\t\t<div class=\"elementor-element elementor-element-cdd3bda elementor-widget elementor-widget-text-editor\" data-id=\"cdd3bda\" data-element_type=\"widget\" data-e-type=\"widget\" data-widget_type=\"text-editor.default\">\n\t\t\t\t<div class=\"elementor-widget-container\">\n\t\t\t\t\t\t\t\t\t<p><strong>O s\u00edtio Locations-06.fr \u00e9 propriedade de Thierry e Pascale Codera <\/strong><br>Sede: 614, chemin de Saint Jean<br>06620 Le Bar sur Loup &#8211; Fran\u00e7a<\/p><p>Respons\u00e1vel pela publica\u00e7\u00e3o: Thierry Codera<br>Servi\u00e7o ao cliente: locations-06@wanadoo.fr<br><strong>Telefone<\/strong>: +33 (0)4 93 42 93 58<br><strong>Telem\u00f3vel<\/strong>: +33 (0)6 32 75 51 07<\/p><p>O s\u00edtio Web est\u00e1 alojado em Ionos<br>7, place de la Gare, BP 70109, 57200 Sarreguemines Cedex, Fran\u00e7a.<\/p><p>O Webmaster \u00e9 Cnathalie<\/p><p>Correio : <a href=\"mailto:1901@cnathalie.com\"><strong>1901@cnathalie.com<\/strong><\/a><\/p><p>S\u00edtio : <a href=\"https:\/\/cnathalie.com\"><strong>https:\/\/cnathalie.com<\/strong><\/a><\/p><p><strong>Dados pessoais e direito de retifica\u00e7\u00e3o<\/strong><br>De acordo com a Lei n.\u00ba 78-17 de 6 de janeiro de 1978, conhecida como Lei da Prote\u00e7\u00e3o de Dados, tens o direito de aceder, modificar, retificar e apagar qualquer informa\u00e7\u00e3o que te diga respeito, contactando :<\/p><p>Thierry CODERA<br>614, chemin de Saint Jean<br>06620 Le Bar sur Loup<\/p><p>Em conformidade com o direito de propriedade intelectual, todos os conte\u00fados editoriais e ilustra\u00e7\u00f5es deste s\u00edtio est\u00e3o protegidos pela legisla\u00e7\u00e3o francesa e por tratados internacionais. N\u00e3o podem ser copiados sem a autoriza\u00e7\u00e3o expressa do propriet\u00e1rio do s\u00edtio. A reutiliza\u00e7\u00e3o dos conte\u00fados editoriais, gr\u00e1ficos e imagens do s\u00edtio para qualquer fim \u00e9 estritamente proibida. No entanto, as informa\u00e7\u00f5es contidas neste s\u00edtio podem ser distribu\u00eddas para uso n\u00e3o comercial, mas apenas com o acordo do propriet\u00e1rio do s\u00edtio e na condi\u00e7\u00e3o de n\u00e3o serem modificadas. As autoriza\u00e7\u00f5es de reprodu\u00e7\u00e3o s\u00e3o concedidas caso a caso. Envia os teus pedidos para <a href=\"mailto:locations-06@wanadoo.fr\">locations-06@wanadoo.fr.<\/a>     <\/p>\t\t\t\t\t\t\t\t<\/div>\n\t\t\t\t<\/div>\n\t\t\t\t\t<\/div>\n\t\t\t\t<\/div>\n\t\t<div class=\"elementor-element elementor-element-f30ae1c e-flex e-con-boxed e-con e-parent\" data-id=\"f30ae1c\" data-element_type=\"container\" data-e-type=\"container\">\n\t\t\t\t\t<div class=\"e-con-inner\">\n\t\t\t\t<div class=\"elementor-element elementor-element-01aaeb1 elementor-widget elementor-widget-image\" data-id=\"01aaeb1\" data-element_type=\"widget\" data-e-type=\"widget\" data-widget_type=\"image.default\">\n\t\t\t\t<div class=\"elementor-widget-container\">\n\t\t\t\t\t\t\t\t\t\t\t\t\t\t\t<img fetchpriority=\"high\" decoding=\"async\" width=\"375\" height=\"220\" src=\"https:\/\/locations-06.fr\/wp-content\/uploads\/locations-06-vacances-cote-d-azur-gites-appartements-cannes-grasse-antibes1.png\" class=\"attachment-large size-large wp-image-20921\" alt=\"Locations 06\" srcset=\"https:\/\/locations-06.fr\/wp-content\/uploads\/locations-06-vacances-cote-d-azur-gites-appartements-cannes-grasse-antibes1.png 375w, https:\/\/locations-06.fr\/wp-content\/uploads\/locations-06-vacances-cote-d-azur-gites-appartements-cannes-grasse-antibes1-300x176.png 300w\" sizes=\"(max-width: 375px) 100vw, 375px\" \/>\t\t\t\t\t\t\t\t\t\t\t\t\t\t\t<\/div>\n\t\t\t\t<\/div>\n\t\t\t\t\t<\/div>\n\t\t\t\t<\/div>\n\t\t\t\t<\/div>\n\t\t","protected":false},"excerpt":{"rendered":"<p>Informa\u00e7\u00e3o jur\u00eddica Informa\u00e7\u00e3o jur\u00eddica O s\u00edtio Locations-06.fr \u00e9 propriedade de Thierry e Pascale Codera Sede: 614, chemin de Saint Jean06620 Le Bar sur Loup &#8211; Fran\u00e7a Respons\u00e1vel pela publica\u00e7\u00e3o: Thierry CoderaServi\u00e7o ao cliente: locations-06@wanadoo.frTelefone: +33 (0)4 93 42 93 58Telem\u00f3vel: +33 (0)6 32 75 51 07 O s\u00edtio Web est\u00e1 alojado em Ionos7, place de [&hellip;]<\/p>\n","protected":false},"author":2,"featured_media":20921,"parent":0,"menu_order":0,"comment_status":"closed","ping_status":"closed","template":"","meta":{"site-sidebar-layout":"no-sidebar","site-content-layout":"","ast-site-content-layout":"full-width-container","site-content-style":"default","site-sidebar-style":"default","ast-global-header-display":"","ast-banner-title-visibility":"","ast-main-header-display":"","ast-hfb-above-header-display":"","ast-hfb-below-header-display":"","ast-hfb-mobile-header-display":"","site-post-title":"disabled","ast-breadcrumbs-content":"","ast-featured-img":"disabled","footer-sml-layout":"","ast-disable-related-posts":"","theme-transparent-header-meta":"","adv-header-id-meta":"","stick-header-meta":"","header-above-stick-meta":"","header-main-stick-meta":"","header-below-stick-meta":"","astra-migrate-meta-layouts":"default","ast-page-background-enabled":"default","ast-page-background-meta":{"desktop":{"background-color":"var(--ast-global-color-4)","background-image":"","background-repeat":"repeat","background-position":"center center","background-size":"auto","background-attachment":"scroll","background-type":"","background-media":"","overlay-type":"","overlay-color":"","overlay-opacity":"","overlay-gradient":""},"tablet":{"background-color":"","background-image":"","background-repeat":"repeat","background-position":"center center","background-size":"auto","background-attachment":"scroll","background-type":"","background-media":"","overlay-type":"","overlay-color":"","overlay-opacity":"","overlay-gradient":""},"mobile":{"background-color":"","background-image":"","background-repeat":"repeat","background-position":"center center","background-size":"auto","background-attachment":"scroll","background-type":"","background-media":"","overlay-type":"","overlay-color":"","overlay-opacity":"","overlay-gradient":""}},"ast-content-background-meta":{"desktop":{"background-color":"var(--ast-global-color-5)","background-image":"","background-repeat":"repeat","background-position":"center center","background-size":"auto","background-attachment":"scroll","background-type":"","background-media":"","overlay-type":"","overlay-color":"","overlay-opacity":"","overlay-gradient":""},"tablet":{"background-color":"var(--ast-global-color-5)","background-image":"","background-repeat":"repeat","background-position":"center center","background-size":"auto","background-attachment":"scroll","background-type":"","background-media":"","overlay-type":"","overlay-color":"","overlay-opacity":"","overlay-gradient":""},"mobile":{"background-color":"var(--ast-global-color-5)","background-image":"","background-repeat":"repeat","background-position":"center center","background-size":"auto","background-attachment":"scroll","background-type":"","background-media":"","overlay-type":"","overlay-color":"","overlay-opacity":"","overlay-gradient":""}},"footnotes":""},"class_list":["post-21158","page","type-page","status-publish","has-post-thumbnail","hentry"],"yoast_head":"<!-- This site is optimized with the Yoast SEO plugin v27.3 - https:\/\/yoast.com\/product\/yoast-seo-wordpress\/ -->\n<title>Informa\u00e7\u00e3o legal. Este s\u00edtio \u00e9 propriedade do Sr. e da Sra. Codera<\/title>\n<meta name=\"description\" content=\"Informa\u00e7\u00f5es legais. O s\u00edtio Locations-06.fr \u00e9 propriedade de Thierry e Pascale Codera. 06620 Le Bar sur Loup - Fran\u00e7a\" \/>\n<meta name=\"robots\" content=\"index, follow, max-snippet:-1, max-image-preview:large, max-video-preview:-1\" \/>\n<link rel=\"canonical\" href=\"https:\/\/locations-06.fr\/pt-pt\/informacao-juridica\/\" \/>\n<meta property=\"og:locale\" content=\"pt_PT\" \/>\n<meta property=\"og:type\" content=\"article\" \/>\n<meta property=\"og:title\" content=\"Informa\u00e7\u00e3o legal. Este s\u00edtio \u00e9 propriedade do Sr. e da Sra. Codera\" \/>\n<meta property=\"og:description\" content=\"Informa\u00e7\u00f5es legais. O s\u00edtio Locations-06.fr \u00e9 propriedade de Thierry e Pascale Codera. 06620 Le Bar sur Loup - Fran\u00e7a\" \/>\n<meta property=\"og:url\" content=\"https:\/\/locations-06.fr\/pt-pt\/informacao-juridica\/\" \/>\n<meta property=\"og:site_name\" content=\"Locations-06.fr\" \/>\n<meta property=\"article:publisher\" content=\"https:\/\/www.facebook.com\/pascalecodera0632755107\" \/>\n<meta property=\"article:modified_time\" content=\"2025-07-14T18:57:07+00:00\" \/>\n<meta property=\"og:image\" content=\"https:\/\/locations-06.fr\/wp-content\/uploads\/locations-06-vacances-cote-d-azur-gites-appartements-cannes-grasse-antibes1.png\" \/>\n\t<meta property=\"og:image:width\" content=\"375\" \/>\n\t<meta property=\"og:image:height\" content=\"220\" \/>\n\t<meta property=\"og:image:type\" content=\"image\/png\" \/>\n<meta name=\"twitter:card\" content=\"summary_large_image\" \/>\n<meta name=\"twitter:site\" content=\"@locations06\" \/>\n<meta name=\"twitter:label1\" content=\"Tempo estimado de leitura\" \/>\n\t<meta name=\"twitter:data1\" content=\"1 minuto\" \/>\n<script type=\"application\/ld+json\" class=\"yoast-schema-graph\">{\"@context\":\"https:\\\/\\\/schema.org\",\"@graph\":[{\"@type\":\"WebPage\",\"@id\":\"https:\\\/\\\/locations-06.fr\\\/pt-pt\\\/informacao-juridica\\\/\",\"url\":\"https:\\\/\\\/locations-06.fr\\\/pt-pt\\\/informacao-juridica\\\/\",\"name\":\"Informa\u00e7\u00e3o legal. Este s\u00edtio \u00e9 propriedade do Sr. e da Sra. Codera\",\"isPartOf\":{\"@id\":\"https:\\\/\\\/locations-06.fr\\\/pt-pt\\\/#website\"},\"primaryImageOfPage\":{\"@id\":\"https:\\\/\\\/locations-06.fr\\\/pt-pt\\\/informacao-juridica\\\/#primaryimage\"},\"image\":{\"@id\":\"https:\\\/\\\/locations-06.fr\\\/pt-pt\\\/informacao-juridica\\\/#primaryimage\"},\"thumbnailUrl\":\"https:\\\/\\\/locations-06.fr\\\/wp-content\\\/uploads\\\/locations-06-vacances-cote-d-azur-gites-appartements-cannes-grasse-antibes1.png\",\"datePublished\":\"2023-12-29T12:48:12+00:00\",\"dateModified\":\"2025-07-14T18:57:07+00:00\",\"description\":\"Informa\u00e7\u00f5es legais. O s\u00edtio Locations-06.fr \u00e9 propriedade de Thierry e Pascale Codera. 06620 Le Bar sur Loup - Fran\u00e7a\",\"breadcrumb\":{\"@id\":\"https:\\\/\\\/locations-06.fr\\\/pt-pt\\\/informacao-juridica\\\/#breadcrumb\"},\"inLanguage\":\"pt-PT\",\"potentialAction\":[{\"@type\":\"ReadAction\",\"target\":[\"https:\\\/\\\/locations-06.fr\\\/pt-pt\\\/informacao-juridica\\\/\"]}]},{\"@type\":\"ImageObject\",\"inLanguage\":\"pt-PT\",\"@id\":\"https:\\\/\\\/locations-06.fr\\\/pt-pt\\\/informacao-juridica\\\/#primaryimage\",\"url\":\"https:\\\/\\\/locations-06.fr\\\/wp-content\\\/uploads\\\/locations-06-vacances-cote-d-azur-gites-appartements-cannes-grasse-antibes1.png\",\"contentUrl\":\"https:\\\/\\\/locations-06.fr\\\/wp-content\\\/uploads\\\/locations-06-vacances-cote-d-azur-gites-appartements-cannes-grasse-antibes1.png\",\"width\":375,\"height\":220,\"caption\":\"Locations 06\"},{\"@type\":\"BreadcrumbList\",\"@id\":\"https:\\\/\\\/locations-06.fr\\\/pt-pt\\\/informacao-juridica\\\/#breadcrumb\",\"itemListElement\":[{\"@type\":\"ListItem\",\"position\":1,\"name\":\"Accueil\",\"item\":\"https:\\\/\\\/locations-06.fr\\\/pt-pt\\\/alugueis-de-temporada-casas-rurais-e-apartamentos-na-riviera-francesa-perto-de-nice-antibes-cannes-e-grasse\\\/\"},{\"@type\":\"ListItem\",\"position\":2,\"name\":\"Informa\u00e7\u00e3o jur\u00eddica\"}]},{\"@type\":\"WebSite\",\"@id\":\"https:\\\/\\\/locations-06.fr\\\/pt-pt\\\/#website\",\"url\":\"https:\\\/\\\/locations-06.fr\\\/pt-pt\\\/\",\"name\":\"Locations-06.fr\",\"description\":\"Locations Gites en France sur la C\u00f4te d&#039;Azur - Appartements et Villas - gite, location de vacances et pas cher\",\"alternateName\":\"Locations-06.fr\",\"potentialAction\":[{\"@type\":\"SearchAction\",\"target\":{\"@type\":\"EntryPoint\",\"urlTemplate\":\"https:\\\/\\\/locations-06.fr\\\/pt-pt\\\/?s={search_term_string}\"},\"query-input\":{\"@type\":\"PropertyValueSpecification\",\"valueRequired\":true,\"valueName\":\"search_term_string\"}}],\"inLanguage\":\"pt-PT\"}]}<\/script>\n<!-- \/ Yoast SEO plugin. -->","yoast_head_json":{"title":"Informa\u00e7\u00e3o legal. Este s\u00edtio \u00e9 propriedade do Sr. e da Sra. Codera","description":"Informa\u00e7\u00f5es legais. O s\u00edtio Locations-06.fr \u00e9 propriedade de Thierry e Pascale Codera. 06620 Le Bar sur Loup - Fran\u00e7a","robots":{"index":"index","follow":"follow","max-snippet":"max-snippet:-1","max-image-preview":"max-image-preview:large","max-video-preview":"max-video-preview:-1"},"canonical":"https:\/\/locations-06.fr\/pt-pt\/informacao-juridica\/","og_locale":"pt_PT","og_type":"article","og_title":"Informa\u00e7\u00e3o legal. Este s\u00edtio \u00e9 propriedade do Sr. e da Sra. Codera","og_description":"Informa\u00e7\u00f5es legais. O s\u00edtio Locations-06.fr \u00e9 propriedade de Thierry e Pascale Codera. 06620 Le Bar sur Loup - Fran\u00e7a","og_url":"https:\/\/locations-06.fr\/pt-pt\/informacao-juridica\/","og_site_name":"Locations-06.fr","article_publisher":"https:\/\/www.facebook.com\/pascalecodera0632755107","article_modified_time":"2025-07-14T18:57:07+00:00","og_image":[{"width":375,"height":220,"url":"https:\/\/locations-06.fr\/wp-content\/uploads\/locations-06-vacances-cote-d-azur-gites-appartements-cannes-grasse-antibes1.png","type":"image\/png"}],"twitter_card":"summary_large_image","twitter_site":"@locations06","twitter_misc":{"Tempo estimado de leitura":"1 minuto"},"schema":{"@context":"https:\/\/schema.org","@graph":[{"@type":"WebPage","@id":"https:\/\/locations-06.fr\/pt-pt\/informacao-juridica\/","url":"https:\/\/locations-06.fr\/pt-pt\/informacao-juridica\/","name":"Informa\u00e7\u00e3o legal. Este s\u00edtio \u00e9 propriedade do Sr. e da Sra. Codera","isPartOf":{"@id":"https:\/\/locations-06.fr\/pt-pt\/#website"},"primaryImageOfPage":{"@id":"https:\/\/locations-06.fr\/pt-pt\/informacao-juridica\/#primaryimage"},"image":{"@id":"https:\/\/locations-06.fr\/pt-pt\/informacao-juridica\/#primaryimage"},"thumbnailUrl":"https:\/\/locations-06.fr\/wp-content\/uploads\/locations-06-vacances-cote-d-azur-gites-appartements-cannes-grasse-antibes1.png","datePublished":"2023-12-29T12:48:12+00:00","dateModified":"2025-07-14T18:57:07+00:00","description":"Informa\u00e7\u00f5es legais. O s\u00edtio Locations-06.fr \u00e9 propriedade de Thierry e Pascale Codera. 06620 Le Bar sur Loup - Fran\u00e7a","breadcrumb":{"@id":"https:\/\/locations-06.fr\/pt-pt\/informacao-juridica\/#breadcrumb"},"inLanguage":"pt-PT","potentialAction":[{"@type":"ReadAction","target":["https:\/\/locations-06.fr\/pt-pt\/informacao-juridica\/"]}]},{"@type":"ImageObject","inLanguage":"pt-PT","@id":"https:\/\/locations-06.fr\/pt-pt\/informacao-juridica\/#primaryimage","url":"https:\/\/locations-06.fr\/wp-content\/uploads\/locations-06-vacances-cote-d-azur-gites-appartements-cannes-grasse-antibes1.png","contentUrl":"https:\/\/locations-06.fr\/wp-content\/uploads\/locations-06-vacances-cote-d-azur-gites-appartements-cannes-grasse-antibes1.png","width":375,"height":220,"caption":"Locations 06"},{"@type":"BreadcrumbList","@id":"https:\/\/locations-06.fr\/pt-pt\/informacao-juridica\/#breadcrumb","itemListElement":[{"@type":"ListItem","position":1,"name":"Accueil","item":"https:\/\/locations-06.fr\/pt-pt\/alugueis-de-temporada-casas-rurais-e-apartamentos-na-riviera-francesa-perto-de-nice-antibes-cannes-e-grasse\/"},{"@type":"ListItem","position":2,"name":"Informa\u00e7\u00e3o jur\u00eddica"}]},{"@type":"WebSite","@id":"https:\/\/locations-06.fr\/pt-pt\/#website","url":"https:\/\/locations-06.fr\/pt-pt\/","name":"Locations-06.fr","description":"Locations Gites en France sur la C\u00f4te d&#039;Azur - Appartements et Villas - gite, location de vacances et pas cher","alternateName":"Locations-06.fr","potentialAction":[{"@type":"SearchAction","target":{"@type":"EntryPoint","urlTemplate":"https:\/\/locations-06.fr\/pt-pt\/?s={search_term_string}"},"query-input":{"@type":"PropertyValueSpecification","valueRequired":true,"valueName":"search_term_string"}}],"inLanguage":"pt-PT"}]}},"_links":{"self":[{"href":"https:\/\/locations-06.fr\/pt-pt\/wp-json\/wp\/v2\/pages\/21158","targetHints":{"allow":["GET"]}}],"collection":[{"href":"https:\/\/locations-06.fr\/pt-pt\/wp-json\/wp\/v2\/pages"}],"about":[{"href":"https:\/\/locations-06.fr\/pt-pt\/wp-json\/wp\/v2\/types\/page"}],"author":[{"embeddable":true,"href":"https:\/\/locations-06.fr\/pt-pt\/wp-json\/wp\/v2\/users\/2"}],"replies":[{"embeddable":true,"href":"https:\/\/locations-06.fr\/pt-pt\/wp-json\/wp\/v2\/comments?post=21158"}],"version-history":[{"count":1,"href":"https:\/\/locations-06.fr\/pt-pt\/wp-json\/wp\/v2\/pages\/21158\/revisions"}],"predecessor-version":[{"id":21159,"href":"https:\/\/locations-06.fr\/pt-pt\/wp-json\/wp\/v2\/pages\/21158\/revisions\/21159"}],"wp:featuredmedia":[{"embeddable":true,"href":"https:\/\/locations-06.fr\/pt-pt\/wp-json\/wp\/v2\/media\/20921"}],"wp:attachment":[{"href":"https:\/\/locations-06.fr\/pt-pt\/wp-json\/wp\/v2\/media?parent=21158"}],"curies":[{"name":"wp","href":"https:\/\/api.w.org\/{rel}","templated":true}]}}