{"id":21081,"date":"2025-03-29T16:23:58","date_gmt":"2025-03-29T15:23:58","guid":{"rendered":"https:\/\/locations-06.fr\/f3-apartamento-a-venda-cannes-quartier-broussailles-petit-juas\/"},"modified":"2025-11-11T16:20:33","modified_gmt":"2025-11-11T15:20:33","slug":"f3-apartamento-a-venda-cannes-quartier-broussailles-petit-juas","status":"publish","type":"page","link":"https:\/\/locations-06.fr\/pt-pt\/f3-apartamento-a-venda-cannes-quartier-broussailles-petit-juas\/","title":{"rendered":"F3 apartamento \u00e0 venda, Cannes-Quartier Broussailles &amp; Petit-Juas"},"content":{"rendered":"\t\t<div data-elementor-type=\"wp-page\" data-elementor-id=\"21081\" class=\"elementor elementor-21081 elementor-19473\">\n\t\t\t\t<div class=\"elementor-element elementor-element-fe18950 e-flex e-con-boxed e-con e-parent\" data-id=\"fe18950\" data-element_type=\"container\" data-e-type=\"container\">\n\t\t\t\t\t<div class=\"e-con-inner\">\n\t\t\t\t<div class=\"elementor-element elementor-element-2616048 elementor-widget elementor-widget-text-editor\" data-id=\"2616048\" data-element_type=\"widget\" data-e-type=\"widget\" data-widget_type=\"text-editor.default\">\n\t\t\t\t<div class=\"elementor-widget-container\">\n\t\t\t\t\t\t\t\t\t<h1>Apartamento F3 \u00e0 venda em Cannes, regi\u00e3o de Broussailles &amp;Petit-Juas<\/h1>\t\t\t\t\t\t\t\t<\/div>\n\t\t\t\t<\/div>\n\t\t\t\t\t<\/div>\n\t\t\t\t<\/div>\n\t\t<div class=\"elementor-element elementor-element-a39c660 e-flex e-con-boxed e-con e-parent\" data-id=\"a39c660\" data-element_type=\"container\" data-e-type=\"container\">\n\t\t\t\t\t<div class=\"e-con-inner\">\n\t\t<div class=\"elementor-element elementor-element-c1c0b0f e-con-full e-flex e-con e-child\" data-id=\"c1c0b0f\" data-element_type=\"container\" data-e-type=\"container\">\n\t\t\t\t<div class=\"elementor-element elementor-element-984d5e7 elementor-widget elementor-widget-text-editor\" data-id=\"984d5e7\" data-element_type=\"widget\" data-e-type=\"widget\" data-widget_type=\"text-editor.default\">\n\t\t\t\t<div class=\"elementor-widget-container\">\n\t\t\t\t\t\t\t\t\t<p>Compra um apartamento F3 Cannes<\/p>\t\t\t\t\t\t\t\t<\/div>\n\t\t\t\t<\/div>\n\t\t\t\t<div class=\"elementor-element elementor-element-13d9b71 elementor-widget elementor-widget-text-editor\" data-id=\"13d9b71\" data-element_type=\"widget\" data-e-type=\"widget\" data-widget_type=\"text-editor.default\">\n\t\t\t\t<div class=\"elementor-widget-container\">\n\t\t\t\t\t\t\t\t\t<h2>Apartamento F3 em Cannes, perto de Grasse, Antibes e Valbonne-Sophia Antipolis<\/h2><h3>Ideal para quem est\u00e1 a comprar pela primeira vez, para um pied-\u00e0-terre na C\u00f4te d&#8217;Azur ou para investimento.<\/h3><p>Atrativo apartamento de 57 m\u00b2 no r\u00e9s do ch\u00e3o de uma resid\u00eancia.<br>Virado para leste, localiza\u00e7\u00e3o tranquila.<br>Apartamento totalmente climatizado com ar condicionado inverter revers\u00edvel.<br>2 quartos. 1 casa de banho com duche. 1 sala de estar com cozinha em plano aberto. Varanda grande.   <\/p><p>Localizado a 300 m a p\u00e9 de todas as comodidades.<\/p>\t\t\t\t\t\t\t\t<\/div>\n\t\t\t\t<\/div>\n\t\t\t\t<\/div>\n\t\t<div class=\"elementor-element elementor-element-18ca76e e-con-full e-flex e-con e-child\" data-id=\"18ca76e\" data-element_type=\"container\" data-e-type=\"container\">\n\t\t\t\t<div class=\"elementor-element elementor-element-37069a0 elementor-widget elementor-widget-google_maps\" data-id=\"37069a0\" data-element_type=\"widget\" data-e-type=\"widget\" data-widget_type=\"google_maps.default\">\n\t\t\t\t<div class=\"elementor-widget-container\">\n\t\t\t\t\t\t\t<div class=\"elementor-custom-embed\">\n\t\t\t<iframe loading=\"lazy\"\n\t\t\t\t\tsrc=\"https:\/\/maps.google.com\/maps?q=22%20avenue%20des%20broussailles%2C%20cannes&#038;t=m&#038;z=11&#038;output=embed&#038;iwloc=near\"\n\t\t\t\t\ttitle=\"22 avenue des broussailles, cannes\"\n\t\t\t\t\taria-label=\"22 avenue des broussailles, cannes\"\n\t\t\t><\/iframe>\n\t\t<\/div>\n\t\t\t\t\t\t<\/div>\n\t\t\t\t<\/div>\n\t\t\t\t<div class=\"elementor-element elementor-element-eaf901e elementor-widget elementor-widget-text-editor\" data-id=\"eaf901e\" data-element_type=\"widget\" data-e-type=\"widget\" data-widget_type=\"text-editor.default\">\n\t\t\t\t<div class=\"elementor-widget-container\">\n\t\t\t\t\t\t\t\t\t<p>Compra um apartamento F3 Cannes<\/p>\t\t\t\t\t\t\t\t<\/div>\n\t\t\t\t<\/div>\n\t\t\t\t<\/div>\n\t\t\t\t\t<\/div>\n\t\t\t\t<\/div>\n\t\t<div class=\"elementor-element elementor-element-f27f5f3 e-flex e-con-boxed e-con e-parent\" data-id=\"f27f5f3\" data-element_type=\"container\" data-e-type=\"container\">\n\t\t\t\t\t<div class=\"e-con-inner\">\n\t\t\t\t<div class=\"elementor-element elementor-element-39920ed elementor-widget elementor-widget-text-editor\" data-id=\"39920ed\" data-element_type=\"widget\" data-e-type=\"widget\" data-widget_type=\"text-editor.default\">\n\t\t\t\t<div class=\"elementor-widget-container\">\n\t\t\t\t\t\t\t\t\t<p>Os bairros de Broussailles e Petit Juas, em Cannes, oferecem um ambiente de vida atrativo, combinando a tranquilidade residencial com a proximidade do centro da cidade.<br><strong>O bairro de Broussailles<\/strong> goza de uma localiza\u00e7\u00e3o privilegiada, apenas a 2 km da Esta\u00e7\u00e3o Ferrovi\u00e1ria SNCF de Cannes, o que facilita a sua desloca\u00e7\u00e3o. Bem servido por v\u00e1rias linhas de autocarros, oferece uma vasta gama de alojamentos, desde est\u00fadios a moradias de luxo. O bairro \u00e9 tamb\u00e9m o lar de v\u00e1rias escolas e do hospital de Cannes, o que o torna um local atrativo para as fam\u00edlias.  <br><strong>Le Petit Juas<\/strong> \u00e9 um bairro urbano e tranquilo, situado muito perto do centro de Cannes. Oferece um ambiente de vida agrad\u00e1vel, pontuado por moradias encantadoras e espa\u00e7os verdes. A zona \u00e9 bem servida por lojas locais, escolas e instala\u00e7\u00f5es desportivas. Al\u00e9m disso, v\u00e1rios projectos de regenera\u00e7\u00e3o, como a cria\u00e7\u00e3o da Pra\u00e7a Mallarm\u00e9, fazem parte do esfor\u00e7o para embelezar a zona e melhorar a qualidade de vida dos residentes.   <\/p><p>Estes dois bairros combinam a calma da vida residencial com as vantagens da proximidade do centro de Cannes, oferecendo um ambiente ideal para fam\u00edlias e investidores.<\/p><ul><li>Autoestrada A8 &#8211; Sa\u00edda 42 a 10 minutos.<\/li><li>A 20 minutos de Mouans-Sartoux, Valbonne e Sophia-Antipolis.<\/li><li>A 25 minutos de Grasse e Antibes.<\/li><li>30 minutos de Nice-La Plaine<\/li><\/ul><p><strong>Diagn\u00f3stico<\/strong><\/p><p>ECD em curso<br>GHG em curso<br>Carrez 57 m\u00b2<\/p><p>T\u00e8l: <a href=\"tel:0.33493429358\">00.33.4.93.42.93.58<\/a> &#8211; <a href=\"tel:0632755107\">00.33.6.32.75.51.07<\/a> todos os dias das 8 \u00e0s 21 horas.<br><a href=\"mailto:locations-06@wanadoo.fr\">locations-06@wanadoo.fr<\/a><\/p>\t\t\t\t\t\t\t\t<\/div>\n\t\t\t\t<\/div>\n\t\t\t\t\t<\/div>\n\t\t\t\t<\/div>\n\t\t\t\t<\/div>\n\t\t","protected":false},"excerpt":{"rendered":"<p>Apartamento F3 \u00e0 venda em Cannes, regi\u00e3o de Broussailles &amp;Petit-Juas Compra um apartamento F3 Cannes Apartamento F3 em Cannes, perto de Grasse, Antibes e Valbonne-Sophia Antipolis Ideal para quem est\u00e1 a comprar pela primeira vez, para um pied-\u00e0-terre na C\u00f4te d&#8217;Azur ou para investimento. Atrativo apartamento de 57 m\u00b2 no r\u00e9s do ch\u00e3o de uma [&hellip;]<\/p>\n","protected":false},"author":2,"featured_media":0,"parent":0,"menu_order":0,"comment_status":"closed","ping_status":"closed","template":"","meta":{"site-sidebar-layout":"no-sidebar","site-content-layout":"","ast-site-content-layout":"full-width-container","site-content-style":"default","site-sidebar-style":"default","ast-global-header-display":"","ast-banner-title-visibility":"","ast-main-header-display":"","ast-hfb-above-header-display":"","ast-hfb-below-header-display":"","ast-hfb-mobile-header-display":"","site-post-title":"disabled","ast-breadcrumbs-content":"","ast-featured-img":"disabled","footer-sml-layout":"","ast-disable-related-posts":"","theme-transparent-header-meta":"","adv-header-id-meta":"","stick-header-meta":"","header-above-stick-meta":"","header-main-stick-meta":"","header-below-stick-meta":"","astra-migrate-meta-layouts":"default","ast-page-background-enabled":"default","ast-page-background-meta":{"desktop":{"background-color":"var(--ast-global-color-4)","background-image":"","background-repeat":"repeat","background-position":"center center","background-size":"auto","background-attachment":"scroll","background-type":"","background-media":"","overlay-type":"","overlay-color":"","overlay-opacity":"","overlay-gradient":""},"tablet":{"background-color":"","background-image":"","background-repeat":"repeat","background-position":"center center","background-size":"auto","background-attachment":"scroll","background-type":"","background-media":"","overlay-type":"","overlay-color":"","overlay-opacity":"","overlay-gradient":""},"mobile":{"background-color":"","background-image":"","background-repeat":"repeat","background-position":"center center","background-size":"auto","background-attachment":"scroll","background-type":"","background-media":"","overlay-type":"","overlay-color":"","overlay-opacity":"","overlay-gradient":""}},"ast-content-background-meta":{"desktop":{"background-color":"var(--ast-global-color-5)","background-image":"","background-repeat":"repeat","background-position":"center center","background-size":"auto","background-attachment":"scroll","background-type":"","background-media":"","overlay-type":"","overlay-color":"","overlay-opacity":"","overlay-gradient":""},"tablet":{"background-color":"var(--ast-global-color-5)","background-image":"","background-repeat":"repeat","background-position":"center center","background-size":"auto","background-attachment":"scroll","background-type":"","background-media":"","overlay-type":"","overlay-color":"","overlay-opacity":"","overlay-gradient":""},"mobile":{"background-color":"var(--ast-global-color-5)","background-image":"","background-repeat":"repeat","background-position":"center center","background-size":"auto","background-attachment":"scroll","background-type":"","background-media":"","overlay-type":"","overlay-color":"","overlay-opacity":"","overlay-gradient":""}},"footnotes":""},"class_list":["post-21081","page","type-page","status-publish","hentry"],"yoast_head":"<!-- This site is optimized with the Yoast SEO plugin v27.3 - https:\/\/yoast.com\/product\/yoast-seo-wordpress\/ -->\n<title>Flat F3 Cannes para venda zona calma<\/title>\n<meta name=\"description\" content=\"Compra um apartamento F3 Cannes quartier Broussailles-Petit Juas proche Grasse, Antibes, Valbonne-Sophia Antipolis\" \/>\n<meta name=\"robots\" content=\"index, follow, max-snippet:-1, max-image-preview:large, max-video-preview:-1\" \/>\n<link rel=\"canonical\" href=\"https:\/\/locations-06.fr\/pt-pt\/f3-apartamento-a-venda-cannes-quartier-broussailles-petit-juas\/\" \/>\n<meta property=\"og:locale\" content=\"pt_PT\" \/>\n<meta property=\"og:type\" content=\"article\" \/>\n<meta property=\"og:title\" content=\"Flat F3 Cannes para venda zona calma\" \/>\n<meta property=\"og:description\" content=\"Compra um apartamento F3 Cannes quartier Broussailles-Petit Juas proche Grasse, Antibes, Valbonne-Sophia Antipolis\" \/>\n<meta property=\"og:url\" content=\"https:\/\/locations-06.fr\/pt-pt\/f3-apartamento-a-venda-cannes-quartier-broussailles-petit-juas\/\" \/>\n<meta property=\"og:site_name\" content=\"Locations-06.fr\" \/>\n<meta property=\"article:publisher\" content=\"https:\/\/www.facebook.com\/pascalecodera0632755107\" \/>\n<meta property=\"article:modified_time\" content=\"2025-11-11T15:20:33+00:00\" \/>\n<meta property=\"og:image\" content=\"https:\/\/locations-06.fr\/wp-content\/uploads\/locations-06-vacances-cote-d-azur-gites-appartements-cannes-grasse-antibes1-1.png\" \/>\n\t<meta property=\"og:image:width\" content=\"375\" \/>\n\t<meta property=\"og:image:height\" content=\"220\" \/>\n\t<meta property=\"og:image:type\" content=\"image\/png\" \/>\n<meta name=\"twitter:card\" content=\"summary_large_image\" \/>\n<meta name=\"twitter:site\" content=\"@locations06\" \/>\n<meta name=\"twitter:label1\" content=\"Tempo estimado de leitura\" \/>\n\t<meta name=\"twitter:data1\" content=\"2 minutos\" \/>\n<script type=\"application\/ld+json\" class=\"yoast-schema-graph\">{\"@context\":\"https:\\\/\\\/schema.org\",\"@graph\":[{\"@type\":\"WebPage\",\"@id\":\"https:\\\/\\\/locations-06.fr\\\/pt-pt\\\/f3-apartamento-a-venda-cannes-quartier-broussailles-petit-juas\\\/\",\"url\":\"https:\\\/\\\/locations-06.fr\\\/pt-pt\\\/f3-apartamento-a-venda-cannes-quartier-broussailles-petit-juas\\\/\",\"name\":\"Flat F3 Cannes para venda zona calma\",\"isPartOf\":{\"@id\":\"https:\\\/\\\/locations-06.fr\\\/pt-pt\\\/#website\"},\"datePublished\":\"2025-03-29T15:23:58+00:00\",\"dateModified\":\"2025-11-11T15:20:33+00:00\",\"description\":\"Compra um apartamento F3 Cannes quartier Broussailles-Petit Juas proche Grasse, Antibes, Valbonne-Sophia Antipolis\",\"breadcrumb\":{\"@id\":\"https:\\\/\\\/locations-06.fr\\\/pt-pt\\\/f3-apartamento-a-venda-cannes-quartier-broussailles-petit-juas\\\/#breadcrumb\"},\"inLanguage\":\"pt-PT\",\"potentialAction\":[{\"@type\":\"ReadAction\",\"target\":[\"https:\\\/\\\/locations-06.fr\\\/pt-pt\\\/f3-apartamento-a-venda-cannes-quartier-broussailles-petit-juas\\\/\"]}]},{\"@type\":\"BreadcrumbList\",\"@id\":\"https:\\\/\\\/locations-06.fr\\\/pt-pt\\\/f3-apartamento-a-venda-cannes-quartier-broussailles-petit-juas\\\/#breadcrumb\",\"itemListElement\":[{\"@type\":\"ListItem\",\"position\":1,\"name\":\"Accueil\",\"item\":\"https:\\\/\\\/locations-06.fr\\\/pt-pt\\\/alugueis-de-temporada-casas-rurais-e-apartamentos-na-riviera-francesa-perto-de-nice-antibes-cannes-e-grasse\\\/\"},{\"@type\":\"ListItem\",\"position\":2,\"name\":\"F3 apartamento \u00e0 venda, Cannes-Quartier Broussailles &amp; Petit-Juas\"}]},{\"@type\":\"WebSite\",\"@id\":\"https:\\\/\\\/locations-06.fr\\\/pt-pt\\\/#website\",\"url\":\"https:\\\/\\\/locations-06.fr\\\/pt-pt\\\/\",\"name\":\"Locations-06.fr\",\"description\":\"Locations Gites en France sur la C\u00f4te d&#039;Azur - Appartements et Villas - gite, location de vacances et pas cher\",\"alternateName\":\"Locations-06.fr\",\"potentialAction\":[{\"@type\":\"SearchAction\",\"target\":{\"@type\":\"EntryPoint\",\"urlTemplate\":\"https:\\\/\\\/locations-06.fr\\\/pt-pt\\\/?s={search_term_string}\"},\"query-input\":{\"@type\":\"PropertyValueSpecification\",\"valueRequired\":true,\"valueName\":\"search_term_string\"}}],\"inLanguage\":\"pt-PT\"}]}<\/script>\n<!-- \/ Yoast SEO plugin. -->","yoast_head_json":{"title":"Flat F3 Cannes para venda zona calma","description":"Compra um apartamento F3 Cannes quartier Broussailles-Petit Juas proche Grasse, Antibes, Valbonne-Sophia Antipolis","robots":{"index":"index","follow":"follow","max-snippet":"max-snippet:-1","max-image-preview":"max-image-preview:large","max-video-preview":"max-video-preview:-1"},"canonical":"https:\/\/locations-06.fr\/pt-pt\/f3-apartamento-a-venda-cannes-quartier-broussailles-petit-juas\/","og_locale":"pt_PT","og_type":"article","og_title":"Flat F3 Cannes para venda zona calma","og_description":"Compra um apartamento F3 Cannes quartier Broussailles-Petit Juas proche Grasse, Antibes, Valbonne-Sophia Antipolis","og_url":"https:\/\/locations-06.fr\/pt-pt\/f3-apartamento-a-venda-cannes-quartier-broussailles-petit-juas\/","og_site_name":"Locations-06.fr","article_publisher":"https:\/\/www.facebook.com\/pascalecodera0632755107","article_modified_time":"2025-11-11T15:20:33+00:00","og_image":[{"width":375,"height":220,"url":"https:\/\/locations-06.fr\/wp-content\/uploads\/locations-06-vacances-cote-d-azur-gites-appartements-cannes-grasse-antibes1-1.png","type":"image\/png"}],"twitter_card":"summary_large_image","twitter_site":"@locations06","twitter_misc":{"Tempo estimado de leitura":"2 minutos"},"schema":{"@context":"https:\/\/schema.org","@graph":[{"@type":"WebPage","@id":"https:\/\/locations-06.fr\/pt-pt\/f3-apartamento-a-venda-cannes-quartier-broussailles-petit-juas\/","url":"https:\/\/locations-06.fr\/pt-pt\/f3-apartamento-a-venda-cannes-quartier-broussailles-petit-juas\/","name":"Flat F3 Cannes para venda zona calma","isPartOf":{"@id":"https:\/\/locations-06.fr\/pt-pt\/#website"},"datePublished":"2025-03-29T15:23:58+00:00","dateModified":"2025-11-11T15:20:33+00:00","description":"Compra um apartamento F3 Cannes quartier Broussailles-Petit Juas proche Grasse, Antibes, Valbonne-Sophia Antipolis","breadcrumb":{"@id":"https:\/\/locations-06.fr\/pt-pt\/f3-apartamento-a-venda-cannes-quartier-broussailles-petit-juas\/#breadcrumb"},"inLanguage":"pt-PT","potentialAction":[{"@type":"ReadAction","target":["https:\/\/locations-06.fr\/pt-pt\/f3-apartamento-a-venda-cannes-quartier-broussailles-petit-juas\/"]}]},{"@type":"BreadcrumbList","@id":"https:\/\/locations-06.fr\/pt-pt\/f3-apartamento-a-venda-cannes-quartier-broussailles-petit-juas\/#breadcrumb","itemListElement":[{"@type":"ListItem","position":1,"name":"Accueil","item":"https:\/\/locations-06.fr\/pt-pt\/alugueis-de-temporada-casas-rurais-e-apartamentos-na-riviera-francesa-perto-de-nice-antibes-cannes-e-grasse\/"},{"@type":"ListItem","position":2,"name":"F3 apartamento \u00e0 venda, Cannes-Quartier Broussailles &amp; Petit-Juas"}]},{"@type":"WebSite","@id":"https:\/\/locations-06.fr\/pt-pt\/#website","url":"https:\/\/locations-06.fr\/pt-pt\/","name":"Locations-06.fr","description":"Locations Gites en France sur la C\u00f4te d&#039;Azur - Appartements et Villas - gite, location de vacances et pas cher","alternateName":"Locations-06.fr","potentialAction":[{"@type":"SearchAction","target":{"@type":"EntryPoint","urlTemplate":"https:\/\/locations-06.fr\/pt-pt\/?s={search_term_string}"},"query-input":{"@type":"PropertyValueSpecification","valueRequired":true,"valueName":"search_term_string"}}],"inLanguage":"pt-PT"}]}},"_links":{"self":[{"href":"https:\/\/locations-06.fr\/pt-pt\/wp-json\/wp\/v2\/pages\/21081","targetHints":{"allow":["GET"]}}],"collection":[{"href":"https:\/\/locations-06.fr\/pt-pt\/wp-json\/wp\/v2\/pages"}],"about":[{"href":"https:\/\/locations-06.fr\/pt-pt\/wp-json\/wp\/v2\/types\/page"}],"author":[{"embeddable":true,"href":"https:\/\/locations-06.fr\/pt-pt\/wp-json\/wp\/v2\/users\/2"}],"replies":[{"embeddable":true,"href":"https:\/\/locations-06.fr\/pt-pt\/wp-json\/wp\/v2\/comments?post=21081"}],"version-history":[{"count":2,"href":"https:\/\/locations-06.fr\/pt-pt\/wp-json\/wp\/v2\/pages\/21081\/revisions"}],"predecessor-version":[{"id":26661,"href":"https:\/\/locations-06.fr\/pt-pt\/wp-json\/wp\/v2\/pages\/21081\/revisions\/26661"}],"wp:attachment":[{"href":"https:\/\/locations-06.fr\/pt-pt\/wp-json\/wp\/v2\/media?parent=21081"}],"curies":[{"name":"wp","href":"https:\/\/api.w.org\/{rel}","templated":true}]}}