{"id":19495,"date":"2025-03-29T16:23:58","date_gmt":"2025-03-29T15:23:58","guid":{"rendered":"https:\/\/locations-06.fr\/na-sprzedaz-dwupokojowe-mieszkanie-cannes-broussailles-petit-juas\/"},"modified":"2025-11-11T16:09:52","modified_gmt":"2025-11-11T15:09:52","slug":"na-sprzedaz-dwupokojowe-mieszkanie-cannes-broussailles-petit-juas","status":"publish","type":"page","link":"https:\/\/locations-06.fr\/pl\/na-sprzedaz-dwupokojowe-mieszkanie-cannes-broussailles-petit-juas\/","title":{"rendered":"Na sprzeda\u017c dwupokojowe mieszkanie, Cannes-Broussailles &amp; Petit Juas"},"content":{"rendered":"\t\t<div data-elementor-type=\"wp-page\" data-elementor-id=\"19495\" class=\"elementor elementor-19495 elementor-19473\">\n\t\t\t\t<div class=\"elementor-element elementor-element-fe18950 e-flex e-con-boxed e-con e-parent\" data-id=\"fe18950\" data-element_type=\"container\" data-e-type=\"container\">\n\t\t\t\t\t<div class=\"e-con-inner\">\n\t\t\t\t<div class=\"elementor-element elementor-element-2616048 elementor-widget elementor-widget-text-editor\" data-id=\"2616048\" data-element_type=\"widget\" data-e-type=\"widget\" data-widget_type=\"text-editor.default\">\n\t\t\t\t<div class=\"elementor-widget-container\">\n\t\t\t\t\t\t\t\t\t<h1>Mieszkanie F3 na sprzeda\u017c w Cannes, obszar Broussailles &amp;Petit-Juas<\/h1>\t\t\t\t\t\t\t\t<\/div>\n\t\t\t\t<\/div>\n\t\t\t\t\t<\/div>\n\t\t\t\t<\/div>\n\t\t<div class=\"elementor-element elementor-element-a39c660 e-flex e-con-boxed e-con e-parent\" data-id=\"a39c660\" data-element_type=\"container\" data-e-type=\"container\">\n\t\t\t\t\t<div class=\"e-con-inner\">\n\t\t<div class=\"elementor-element elementor-element-c1c0b0f e-con-full e-flex e-con e-child\" data-id=\"c1c0b0f\" data-element_type=\"container\" data-e-type=\"container\">\n\t\t\t\t<div class=\"elementor-element elementor-element-984d5e7 elementor-widget elementor-widget-text-editor\" data-id=\"984d5e7\" data-element_type=\"widget\" data-e-type=\"widget\" data-widget_type=\"text-editor.default\">\n\t\t\t\t<div class=\"elementor-widget-container\">\n\t\t\t\t\t\t\t\t\t<p>Kup 3-pokojowe mieszkanie w Cannes<\/p>\t\t\t\t\t\t\t\t<\/div>\n\t\t\t\t<\/div>\n\t\t\t\t<div class=\"elementor-element elementor-element-13d9b71 elementor-widget elementor-widget-text-editor\" data-id=\"13d9b71\" data-element_type=\"widget\" data-e-type=\"widget\" data-widget_type=\"text-editor.default\">\n\t\t\t\t<div class=\"elementor-widget-container\">\n\t\t\t\t\t\t\t\t\t<h2>2-pokojowe mieszkanie w Cannes, niedaleko Grasse, Antibes i Valbonne-Sophia Antipolis<\/h2><h3>Idealne na pierwszy zakup, jako pied-\u00e0-terre na Lazurowym Wybrze\u017cu lub jako inwestycja.<\/h3><p>Pi\u0119kne mieszkanie o powierzchni 57 m\u00b2 na parterze w budynku mieszkalnym.<br>Ekspozycja wschodnia, spok\u00f3j.<br>Apartament w pe\u0142ni klimatyzowany, z rewersyjn\u0105 klimatyzacj\u0105 inwerterow\u0105.<br>2 sypialnie. 1 \u0142azienka. 1 salon z otwart\u0105 kuchni\u0105. Du\u017cy balkon.   <\/p><p>Obiekt po\u0142o\u017cony jest 300 m od sklep\u00f3w.<\/p>\t\t\t\t\t\t\t\t<\/div>\n\t\t\t\t<\/div>\n\t\t\t\t<\/div>\n\t\t<div class=\"elementor-element elementor-element-18ca76e e-con-full e-flex e-con e-child\" data-id=\"18ca76e\" data-element_type=\"container\" data-e-type=\"container\">\n\t\t\t\t<div class=\"elementor-element elementor-element-37069a0 elementor-widget elementor-widget-google_maps\" data-id=\"37069a0\" data-element_type=\"widget\" data-e-type=\"widget\" data-widget_type=\"google_maps.default\">\n\t\t\t\t<div class=\"elementor-widget-container\">\n\t\t\t\t\t\t\t<div class=\"elementor-custom-embed\">\n\t\t\t<iframe loading=\"lazy\"\n\t\t\t\t\tsrc=\"https:\/\/maps.google.com\/maps?q=22%20avenue%20des%20broussailles%2C%20cannes&#038;t=m&#038;z=11&#038;output=embed&#038;iwloc=near\"\n\t\t\t\t\ttitle=\"22 avenue des broussailles, cannes\"\n\t\t\t\t\taria-label=\"22 avenue des broussailles, cannes\"\n\t\t\t><\/iframe>\n\t\t<\/div>\n\t\t\t\t\t\t<\/div>\n\t\t\t\t<\/div>\n\t\t\t\t<div class=\"elementor-element elementor-element-eaf901e elementor-widget elementor-widget-text-editor\" data-id=\"eaf901e\" data-element_type=\"widget\" data-e-type=\"widget\" data-widget_type=\"text-editor.default\">\n\t\t\t\t<div class=\"elementor-widget-container\">\n\t\t\t\t\t\t\t\t\t<p>Kup 3-pokojowe mieszkanie w Cannes<\/p>\t\t\t\t\t\t\t\t<\/div>\n\t\t\t\t<\/div>\n\t\t\t\t<\/div>\n\t\t\t\t\t<\/div>\n\t\t\t\t<\/div>\n\t\t<div class=\"elementor-element elementor-element-f27f5f3 e-flex e-con-boxed e-con e-parent\" data-id=\"f27f5f3\" data-element_type=\"container\" data-e-type=\"container\">\n\t\t\t\t\t<div class=\"e-con-inner\">\n\t\t\t\t<div class=\"elementor-element elementor-element-39920ed elementor-widget elementor-widget-text-editor\" data-id=\"39920ed\" data-element_type=\"widget\" data-e-type=\"widget\" data-widget_type=\"text-editor.default\">\n\t\t\t\t<div class=\"elementor-widget-container\">\n\t\t\t\t\t\t\t\t\t<p>Dzielnice Broussailles i Petit Juas w Cannes oferuj\u0105 atrakcyjne warunki do \u017cycia, \u0142\u0105cz\u0105c spok\u00f3j i blisko\u015b\u0107 centrum miasta.<br><strong>Dzielnica Broussailles<\/strong> cieszy si\u0119 doskona\u0142\u0105 lokalizacj\u0105, zaledwie 2 km od dworca kolejowego SNCF w Cannes, co u\u0142atwia podr\u00f3\u017cowanie. Obiekt dysponuje szerokim wyborem miejsc noclegowych, od studi\u00f3w po luksusowe wille. Do obiektu mo\u017cna dojecha\u0107 wieloma liniami autobusowymi. W okolicy znajduje si\u0119 tak\u017ce kilka szk\u00f3\u0142 i szpital w Cannes, co czyni j\u0105 atrakcyjniejsz\u0105 dla rodzin.  <br><strong>Le Petit Juas<\/strong> to spokojna, miejska dzielnica, po\u0142o\u017cona w bezpo\u015brednim s\u0105siedztwie centrum Cannes. Osiedle oferuje przyjemne \u015brodowisko \u017cycia, urozmaicone uroczymi willami i terenami zielonymi. W okolicy znajduje si\u0119 wiele sklep\u00f3w, szk\u00f3\u0142 i obiekt\u00f3w sportowych. Ponadto projekty przebudowy, takie jak utworzenie placu Mallarm\u00e9go, \u015bwiadcz\u0105 o ch\u0119ci upi\u0119kszenia okolicy i poprawy jako\u015bci \u017cycia mieszka\u0144c\u00f3w.   <\/p><p>Obie dzielnice \u0142\u0105cz\u0105 w sobie spok\u00f3j \u017cycia mieszkalnego z zaletami blisko\u015bci centrum Cannes, oferuj\u0105c idealne \u015brodowisko \u017cycia dla rodzin i inwestor\u00f3w.<\/p><ul><li>Autostrada A8 &#8211; zjazd 42 10 minut drogi.<\/li><li>20 minut od Mouans-Sartoux, Valbonne i Sophia-Antipolis.<\/li><li>25 minut z Grasse i Antibes.<\/li><li>30 minut od Nice-La Plaine<\/li><\/ul><p><strong>Diagnostyka<\/strong><\/p><p>DPE w toku<br>GES w toku<br>Carrez 57 m\u00b2<\/p><p>Tel: <a href=\"tel:0493429358\">04.93.42.93.58<\/a> &#8211; <a href=\"tel:0632755107\">06.32.75.51.07<\/a> codziennie od 8:00 do 21:00.<br><a href=\"mailto:locations-06@wanadoo.fr\">locations-06@wanadoo.fr<\/a><\/p>\t\t\t\t\t\t\t\t<\/div>\n\t\t\t\t<\/div>\n\t\t\t\t\t<\/div>\n\t\t\t\t<\/div>\n\t\t\t\t<\/div>\n\t\t","protected":false},"excerpt":{"rendered":"<p>Mieszkanie F3 na sprzeda\u017c w Cannes, obszar Broussailles &amp;Petit-Juas Kup 3-pokojowe mieszkanie w Cannes 2-pokojowe mieszkanie w Cannes, niedaleko Grasse, Antibes i Valbonne-Sophia Antipolis Idealne na pierwszy zakup, jako pied-\u00e0-terre na Lazurowym Wybrze\u017cu lub jako inwestycja. Pi\u0119kne mieszkanie o powierzchni 57 m\u00b2 na parterze w budynku mieszkalnym.Ekspozycja wschodnia, spok\u00f3j.Apartament w pe\u0142ni klimatyzowany, z rewersyjn\u0105 klimatyzacj\u0105 [&hellip;]<\/p>\n","protected":false},"author":2,"featured_media":0,"parent":0,"menu_order":0,"comment_status":"closed","ping_status":"closed","template":"","meta":{"site-sidebar-layout":"no-sidebar","site-content-layout":"","ast-site-content-layout":"full-width-container","site-content-style":"default","site-sidebar-style":"default","ast-global-header-display":"","ast-banner-title-visibility":"","ast-main-header-display":"","ast-hfb-above-header-display":"","ast-hfb-below-header-display":"","ast-hfb-mobile-header-display":"","site-post-title":"disabled","ast-breadcrumbs-content":"","ast-featured-img":"disabled","footer-sml-layout":"","ast-disable-related-posts":"","theme-transparent-header-meta":"","adv-header-id-meta":"","stick-header-meta":"","header-above-stick-meta":"","header-main-stick-meta":"","header-below-stick-meta":"","astra-migrate-meta-layouts":"default","ast-page-background-enabled":"default","ast-page-background-meta":{"desktop":{"background-color":"var(--ast-global-color-4)","background-image":"","background-repeat":"repeat","background-position":"center center","background-size":"auto","background-attachment":"scroll","background-type":"","background-media":"","overlay-type":"","overlay-color":"","overlay-opacity":"","overlay-gradient":""},"tablet":{"background-color":"","background-image":"","background-repeat":"repeat","background-position":"center center","background-size":"auto","background-attachment":"scroll","background-type":"","background-media":"","overlay-type":"","overlay-color":"","overlay-opacity":"","overlay-gradient":""},"mobile":{"background-color":"","background-image":"","background-repeat":"repeat","background-position":"center center","background-size":"auto","background-attachment":"scroll","background-type":"","background-media":"","overlay-type":"","overlay-color":"","overlay-opacity":"","overlay-gradient":""}},"ast-content-background-meta":{"desktop":{"background-color":"var(--ast-global-color-5)","background-image":"","background-repeat":"repeat","background-position":"center center","background-size":"auto","background-attachment":"scroll","background-type":"","background-media":"","overlay-type":"","overlay-color":"","overlay-opacity":"","overlay-gradient":""},"tablet":{"background-color":"var(--ast-global-color-5)","background-image":"","background-repeat":"repeat","background-position":"center center","background-size":"auto","background-attachment":"scroll","background-type":"","background-media":"","overlay-type":"","overlay-color":"","overlay-opacity":"","overlay-gradient":""},"mobile":{"background-color":"var(--ast-global-color-5)","background-image":"","background-repeat":"repeat","background-position":"center center","background-size":"auto","background-attachment":"scroll","background-type":"","background-media":"","overlay-type":"","overlay-color":"","overlay-opacity":"","overlay-gradient":""}},"footnotes":""},"class_list":["post-19495","page","type-page","status-publish","hentry"],"yoast_head":"<!-- This site is optimized with the Yoast SEO plugin v27.3 - https:\/\/yoast.com\/product\/yoast-seo-wordpress\/ -->\n<title>Kup 3-pokojowe mieszkanie w Cannes na sprzeda\u017c w spokojnej okolicy<\/title>\n<meta name=\"description\" content=\"Kup 3-pokojowe mieszkanie w Cannes, dzielnica Broussailles-Petit Juas, niedaleko Grasse, Antibes, Valbonne-Sophia Antipolis\" \/>\n<meta name=\"robots\" content=\"index, follow, max-snippet:-1, max-image-preview:large, max-video-preview:-1\" \/>\n<link rel=\"canonical\" href=\"https:\/\/locations-06.fr\/pl\/na-sprzedaz-dwupokojowe-mieszkanie-cannes-broussailles-petit-juas\/\" \/>\n<meta property=\"og:locale\" content=\"pl_PL\" \/>\n<meta property=\"og:type\" content=\"article\" \/>\n<meta property=\"og:title\" content=\"Kup 3-pokojowe mieszkanie w Cannes na sprzeda\u017c w spokojnej okolicy\" \/>\n<meta property=\"og:description\" content=\"Kup 3-pokojowe mieszkanie w Cannes, dzielnica Broussailles-Petit Juas, niedaleko Grasse, Antibes, Valbonne-Sophia Antipolis\" \/>\n<meta property=\"og:url\" content=\"https:\/\/locations-06.fr\/pl\/na-sprzedaz-dwupokojowe-mieszkanie-cannes-broussailles-petit-juas\/\" \/>\n<meta property=\"og:site_name\" content=\"Locations-06.fr\" \/>\n<meta property=\"article:publisher\" content=\"https:\/\/www.facebook.com\/pascalecodera0632755107\" \/>\n<meta property=\"article:modified_time\" content=\"2025-11-11T15:09:52+00:00\" \/>\n<meta property=\"og:image\" content=\"https:\/\/locations-06.fr\/wp-content\/uploads\/locations-06-vacances-cote-d-azur-gites-appartements-cannes-grasse-antibes1-1.png\" \/>\n\t<meta property=\"og:image:width\" content=\"375\" \/>\n\t<meta property=\"og:image:height\" content=\"220\" \/>\n\t<meta property=\"og:image:type\" content=\"image\/png\" \/>\n<meta name=\"twitter:card\" content=\"summary_large_image\" \/>\n<meta name=\"twitter:site\" content=\"@locations06\" \/>\n<meta name=\"twitter:label1\" content=\"Szacowany czas czytania\" \/>\n\t<meta name=\"twitter:data1\" content=\"1 minuta\" \/>\n<script type=\"application\/ld+json\" class=\"yoast-schema-graph\">{\"@context\":\"https:\\\/\\\/schema.org\",\"@graph\":[{\"@type\":\"WebPage\",\"@id\":\"https:\\\/\\\/locations-06.fr\\\/pl\\\/na-sprzedaz-dwupokojowe-mieszkanie-cannes-broussailles-petit-juas\\\/\",\"url\":\"https:\\\/\\\/locations-06.fr\\\/pl\\\/na-sprzedaz-dwupokojowe-mieszkanie-cannes-broussailles-petit-juas\\\/\",\"name\":\"Kup 3-pokojowe mieszkanie w Cannes na sprzeda\u017c w spokojnej okolicy\",\"isPartOf\":{\"@id\":\"https:\\\/\\\/locations-06.fr\\\/pl\\\/#website\"},\"datePublished\":\"2025-03-29T15:23:58+00:00\",\"dateModified\":\"2025-11-11T15:09:52+00:00\",\"description\":\"Kup 3-pokojowe mieszkanie w Cannes, dzielnica Broussailles-Petit Juas, niedaleko Grasse, Antibes, Valbonne-Sophia Antipolis\",\"breadcrumb\":{\"@id\":\"https:\\\/\\\/locations-06.fr\\\/pl\\\/na-sprzedaz-dwupokojowe-mieszkanie-cannes-broussailles-petit-juas\\\/#breadcrumb\"},\"inLanguage\":\"pl-PL\",\"potentialAction\":[{\"@type\":\"ReadAction\",\"target\":[\"https:\\\/\\\/locations-06.fr\\\/pl\\\/na-sprzedaz-dwupokojowe-mieszkanie-cannes-broussailles-petit-juas\\\/\"]}]},{\"@type\":\"BreadcrumbList\",\"@id\":\"https:\\\/\\\/locations-06.fr\\\/pl\\\/na-sprzedaz-dwupokojowe-mieszkanie-cannes-broussailles-petit-juas\\\/#breadcrumb\",\"itemListElement\":[{\"@type\":\"ListItem\",\"position\":1,\"name\":\"Accueil\",\"item\":\"https:\\\/\\\/locations-06.fr\\\/pl\\\/wynajem-na-wakacje-lazurowe-wybrzeze-gites-i-apartamenty-w-poblizu-nicei-antibes-cannes-i-grasse\\\/\"},{\"@type\":\"ListItem\",\"position\":2,\"name\":\"Na sprzeda\u017c dwupokojowe mieszkanie, Cannes-Broussailles &amp; Petit Juas\"}]},{\"@type\":\"WebSite\",\"@id\":\"https:\\\/\\\/locations-06.fr\\\/pl\\\/#website\",\"url\":\"https:\\\/\\\/locations-06.fr\\\/pl\\\/\",\"name\":\"Locations-06.fr\",\"description\":\"Locations Gites en France sur la C\u00f4te d&#039;Azur - Appartements et Villas - gite, location de vacances et pas cher\",\"alternateName\":\"Locations-06.fr\",\"potentialAction\":[{\"@type\":\"SearchAction\",\"target\":{\"@type\":\"EntryPoint\",\"urlTemplate\":\"https:\\\/\\\/locations-06.fr\\\/pl\\\/?s={search_term_string}\"},\"query-input\":{\"@type\":\"PropertyValueSpecification\",\"valueRequired\":true,\"valueName\":\"search_term_string\"}}],\"inLanguage\":\"pl-PL\"}]}<\/script>\n<!-- \/ Yoast SEO plugin. -->","yoast_head_json":{"title":"Kup 3-pokojowe mieszkanie w Cannes na sprzeda\u017c w spokojnej okolicy","description":"Kup 3-pokojowe mieszkanie w Cannes, dzielnica Broussailles-Petit Juas, niedaleko Grasse, Antibes, Valbonne-Sophia Antipolis","robots":{"index":"index","follow":"follow","max-snippet":"max-snippet:-1","max-image-preview":"max-image-preview:large","max-video-preview":"max-video-preview:-1"},"canonical":"https:\/\/locations-06.fr\/pl\/na-sprzedaz-dwupokojowe-mieszkanie-cannes-broussailles-petit-juas\/","og_locale":"pl_PL","og_type":"article","og_title":"Kup 3-pokojowe mieszkanie w Cannes na sprzeda\u017c w spokojnej okolicy","og_description":"Kup 3-pokojowe mieszkanie w Cannes, dzielnica Broussailles-Petit Juas, niedaleko Grasse, Antibes, Valbonne-Sophia Antipolis","og_url":"https:\/\/locations-06.fr\/pl\/na-sprzedaz-dwupokojowe-mieszkanie-cannes-broussailles-petit-juas\/","og_site_name":"Locations-06.fr","article_publisher":"https:\/\/www.facebook.com\/pascalecodera0632755107","article_modified_time":"2025-11-11T15:09:52+00:00","og_image":[{"width":375,"height":220,"url":"https:\/\/locations-06.fr\/wp-content\/uploads\/locations-06-vacances-cote-d-azur-gites-appartements-cannes-grasse-antibes1-1.png","type":"image\/png"}],"twitter_card":"summary_large_image","twitter_site":"@locations06","twitter_misc":{"Szacowany czas czytania":"1 minuta"},"schema":{"@context":"https:\/\/schema.org","@graph":[{"@type":"WebPage","@id":"https:\/\/locations-06.fr\/pl\/na-sprzedaz-dwupokojowe-mieszkanie-cannes-broussailles-petit-juas\/","url":"https:\/\/locations-06.fr\/pl\/na-sprzedaz-dwupokojowe-mieszkanie-cannes-broussailles-petit-juas\/","name":"Kup 3-pokojowe mieszkanie w Cannes na sprzeda\u017c w spokojnej okolicy","isPartOf":{"@id":"https:\/\/locations-06.fr\/pl\/#website"},"datePublished":"2025-03-29T15:23:58+00:00","dateModified":"2025-11-11T15:09:52+00:00","description":"Kup 3-pokojowe mieszkanie w Cannes, dzielnica Broussailles-Petit Juas, niedaleko Grasse, Antibes, Valbonne-Sophia Antipolis","breadcrumb":{"@id":"https:\/\/locations-06.fr\/pl\/na-sprzedaz-dwupokojowe-mieszkanie-cannes-broussailles-petit-juas\/#breadcrumb"},"inLanguage":"pl-PL","potentialAction":[{"@type":"ReadAction","target":["https:\/\/locations-06.fr\/pl\/na-sprzedaz-dwupokojowe-mieszkanie-cannes-broussailles-petit-juas\/"]}]},{"@type":"BreadcrumbList","@id":"https:\/\/locations-06.fr\/pl\/na-sprzedaz-dwupokojowe-mieszkanie-cannes-broussailles-petit-juas\/#breadcrumb","itemListElement":[{"@type":"ListItem","position":1,"name":"Accueil","item":"https:\/\/locations-06.fr\/pl\/wynajem-na-wakacje-lazurowe-wybrzeze-gites-i-apartamenty-w-poblizu-nicei-antibes-cannes-i-grasse\/"},{"@type":"ListItem","position":2,"name":"Na sprzeda\u017c dwupokojowe mieszkanie, Cannes-Broussailles &amp; Petit Juas"}]},{"@type":"WebSite","@id":"https:\/\/locations-06.fr\/pl\/#website","url":"https:\/\/locations-06.fr\/pl\/","name":"Locations-06.fr","description":"Locations Gites en France sur la C\u00f4te d&#039;Azur - Appartements et Villas - gite, location de vacances et pas cher","alternateName":"Locations-06.fr","potentialAction":[{"@type":"SearchAction","target":{"@type":"EntryPoint","urlTemplate":"https:\/\/locations-06.fr\/pl\/?s={search_term_string}"},"query-input":{"@type":"PropertyValueSpecification","valueRequired":true,"valueName":"search_term_string"}}],"inLanguage":"pl-PL"}]}},"_links":{"self":[{"href":"https:\/\/locations-06.fr\/pl\/wp-json\/wp\/v2\/pages\/19495","targetHints":{"allow":["GET"]}}],"collection":[{"href":"https:\/\/locations-06.fr\/pl\/wp-json\/wp\/v2\/pages"}],"about":[{"href":"https:\/\/locations-06.fr\/pl\/wp-json\/wp\/v2\/types\/page"}],"author":[{"embeddable":true,"href":"https:\/\/locations-06.fr\/pl\/wp-json\/wp\/v2\/users\/2"}],"replies":[{"embeddable":true,"href":"https:\/\/locations-06.fr\/pl\/wp-json\/wp\/v2\/comments?post=19495"}],"version-history":[{"count":2,"href":"https:\/\/locations-06.fr\/pl\/wp-json\/wp\/v2\/pages\/19495\/revisions"}],"predecessor-version":[{"id":26660,"href":"https:\/\/locations-06.fr\/pl\/wp-json\/wp\/v2\/pages\/19495\/revisions\/26660"}],"wp:attachment":[{"href":"https:\/\/locations-06.fr\/pl\/wp-json\/wp\/v2\/media?parent=19495"}],"curies":[{"name":"wp","href":"https:\/\/api.w.org\/{rel}","templated":true}]}}