{"id":13349,"date":"2023-12-29T13:48:12","date_gmt":"2023-12-29T12:48:12","guid":{"rendered":"https:\/\/locations-06.fr\/informacje-prawne\/"},"modified":"2024-12-15T18:34:15","modified_gmt":"2024-12-15T17:34:15","slug":"informacje-prawne","status":"publish","type":"page","link":"https:\/\/locations-06.fr\/pl\/informacje-prawne\/","title":{"rendered":"Informacje prawne"},"content":{"rendered":"\t\t<div data-elementor-type=\"wp-page\" data-elementor-id=\"13349\" class=\"elementor elementor-13349 elementor-59\">\n\t\t\t\t<div class=\"elementor-element elementor-element-f6b9264 e-flex e-con-boxed e-con e-parent\" data-id=\"f6b9264\" data-element_type=\"container\" data-e-type=\"container\">\n\t\t\t\t\t<div class=\"e-con-inner\">\n\t\t\t\t<div class=\"elementor-element elementor-element-2737699 elementor-widget elementor-widget-heading\" data-id=\"2737699\" data-element_type=\"widget\" data-e-type=\"widget\" data-widget_type=\"heading.default\">\n\t\t\t\t<div class=\"elementor-widget-container\">\n\t\t\t\t\t<h1 class=\"elementor-heading-title elementor-size-default\">Informacje prawne<\/h1>\t\t\t\t<\/div>\n\t\t\t\t<\/div>\n\t\t\t\t\t<\/div>\n\t\t\t\t<\/div>\n\t\t<div class=\"elementor-element elementor-element-a3c259c e-flex e-con-boxed e-con e-parent\" data-id=\"a3c259c\" data-element_type=\"container\" data-e-type=\"container\">\n\t\t\t\t\t<div class=\"e-con-inner\">\n\t\t\t\t<div class=\"elementor-element elementor-element-8a24a9d elementor-widget elementor-widget-text-editor\" data-id=\"8a24a9d\" data-element_type=\"widget\" data-e-type=\"widget\" data-widget_type=\"text-editor.default\">\n\t\t\t\t<div class=\"elementor-widget-container\">\n\t\t\t\t\t\t\t\t\t<p>Informacje prawne<\/p>\n\t\t\t\t\t\t\t\t<\/div>\n\t\t\t\t<\/div>\n\t\t\t\t\t<\/div>\n\t\t\t\t<\/div>\n\t\t<div class=\"elementor-element elementor-element-f941534 e-flex e-con-boxed e-con e-parent\" data-id=\"f941534\" data-element_type=\"container\" data-e-type=\"container\">\n\t\t\t\t\t<div class=\"e-con-inner\">\n\t\t\t\t<div class=\"elementor-element elementor-element-cdd3bda elementor-widget elementor-widget-text-editor\" data-id=\"cdd3bda\" data-element_type=\"widget\" data-e-type=\"widget\" data-widget_type=\"text-editor.default\">\n\t\t\t\t<div class=\"elementor-widget-container\">\n\t\t\t\t\t\t\t\t\t<p><strong>Strona Locations-06.fr jest w\u0142asno\u015bci\u0105 Thierry&#8217;ego i Pascale Codera<\/strong><br \/>Siedziba g\u0142\u00f3wna: 614, chemin de Saint Jean<br \/>06620 Le Bar sur Loup \u2013 Francja<\/p>\n<p>Dyrektor publikacji: Thierry Codera<br \/>Obs\u0142uga klienta: lokalizacje-06@wanadoo.fr<br \/><strong>Telefon<\/strong>: +33 (0)4 93 42 93 58<br \/><strong>Telefon kom\u00f3rkowy<\/strong>: +33 (0)6 32 75 51 07<\/p>\n<p>Hosting strony zapewnia firma Ionos<br \/>7, place de la Gare, BP 70109, 57200 Sarreguemines Cedex<\/p>\n<p>Webmasterem jest Cnathalie<\/p>\n<p>Mail : <a href=\"mailto:1901@cnathalie.com\"><strong>1901@cnathalie.com<\/strong><\/a><\/p>\n<p>Strona: <a href=\"https:\/\/cnathalie.com\"><strong>https:\/\/cnathalie.com<\/strong><\/a><\/p>\n<p><strong>Dane osobowe i prawo do ich sprostowania<\/strong><br \/>Zgodnie z ustaw\u0105 nr 78-17 z dnia 6 stycznia 1978 r., znan\u0105 jako Ustawa o ochronie danych i wolno\u015bciach, masz prawo dost\u0119pu, modyfikowania, poprawiania i usuwania wszelkich informacji, kt\u00f3re Ci\u0119 dotycz\u0105, kontaktuj\u0105c si\u0119 z:<\/p>\n<p>Thierry CODERA<br \/>614, chemin de Saint Jean<br \/>06620 Le Bar sur Loup<\/p>\n<p>Zgodnie z prawem w\u0142asno\u015bci intelektualnej wszystkie tre\u015bci redakcyjne i ilustracje znajduj\u0105ce si\u0119 na tej stronie s\u0105 chronione francuskim ustawodawstwem i traktatami mi\u0119dzynarodowymi. Nie mo\u017cna ich kopiowa\u0107 bez wyra\u017anej zgody w\u0142a\u015bciciela witryny. Ponowne wykorzystanie tre\u015bci redakcyjnych, grafik i obraz\u00f3w ze strony do jakichkolwiek cel\u00f3w jest surowo zabronione. Jednak\u017ce rozpowszechnianie informacji zawartych w tym serwisie jest mo\u017cliwe w celach niekomercyjnych, jednak wy\u0142\u0105cznie za zgod\u0105 w\u0142a\u015bciciela serwisu i pod warunkiem, \u017ce nie b\u0119d\u0105 one modyfikowane. Zezwolenia na reprodukcj\u0119 przyznawane s\u0105 indywidualnie. Zg\u0142oszenia prosimy przesy\u0142a\u0107 na adres: <a href=\"mailto:locations-06@wanadoo.fr\">locations-06@wanadoo.fr<\/a>.     <\/p>\n\t\t\t\t\t\t\t\t<\/div>\n\t\t\t\t<\/div>\n\t\t\t\t\t<\/div>\n\t\t\t\t<\/div>\n\t\t<div class=\"elementor-element elementor-element-f30ae1c e-flex e-con-boxed e-con e-parent\" data-id=\"f30ae1c\" data-element_type=\"container\" data-e-type=\"container\">\n\t\t\t\t\t<div class=\"e-con-inner\">\n\t\t\t\t<div class=\"elementor-element elementor-element-01aaeb1 elementor-widget elementor-widget-image\" data-id=\"01aaeb1\" data-element_type=\"widget\" data-e-type=\"widget\" data-widget_type=\"image.default\">\n\t\t\t\t<div class=\"elementor-widget-container\">\n\t\t\t\t\t\t\t\t\t\t\t\t\t\t\t<img fetchpriority=\"high\" decoding=\"async\" width=\"375\" height=\"220\" src=\"https:\/\/locations-06.fr\/wp-content\/uploads\/locations-06-vacances-cote-d-azur-gites-appartements-cannes-grasse-antibes1.png\" class=\"attachment-large size-large wp-image-13315\" alt=\"\" srcset=\"https:\/\/locations-06.fr\/wp-content\/uploads\/locations-06-vacances-cote-d-azur-gites-appartements-cannes-grasse-antibes1.png 375w, https:\/\/locations-06.fr\/wp-content\/uploads\/locations-06-vacances-cote-d-azur-gites-appartements-cannes-grasse-antibes1-300x176.png 300w\" sizes=\"(max-width: 375px) 100vw, 375px\" \/>\t\t\t\t\t\t\t\t\t\t\t\t\t\t\t<\/div>\n\t\t\t\t<\/div>\n\t\t\t\t\t<\/div>\n\t\t\t\t<\/div>\n\t\t\t\t<\/div>\n\t\t","protected":false},"excerpt":{"rendered":"<p>Informacje prawne Informacje prawne Strona Locations-06.fr jest w\u0142asno\u015bci\u0105 Thierry&#8217;ego i Pascale CoderaSiedziba g\u0142\u00f3wna: 614, chemin de Saint Jean06620 Le Bar sur Loup \u2013 Francja Dyrektor publikacji: Thierry CoderaObs\u0142uga klienta: lokalizacje-06@wanadoo.frTelefon: +33 (0)4 93 42 93 58Telefon kom\u00f3rkowy: +33 (0)6 32 75 51 07 Hosting strony zapewnia firma Ionos7, place de la Gare, BP 70109, 57200 [&hellip;]<\/p>\n","protected":false},"author":2,"featured_media":13315,"parent":0,"menu_order":0,"comment_status":"closed","ping_status":"closed","template":"","meta":{"site-sidebar-layout":"no-sidebar","site-content-layout":"","ast-site-content-layout":"full-width-container","site-content-style":"default","site-sidebar-style":"default","ast-global-header-display":"","ast-banner-title-visibility":"","ast-main-header-display":"","ast-hfb-above-header-display":"","ast-hfb-below-header-display":"","ast-hfb-mobile-header-display":"","site-post-title":"disabled","ast-breadcrumbs-content":"","ast-featured-img":"disabled","footer-sml-layout":"","ast-disable-related-posts":"","theme-transparent-header-meta":"","adv-header-id-meta":"","stick-header-meta":"","header-above-stick-meta":"","header-main-stick-meta":"","header-below-stick-meta":"","astra-migrate-meta-layouts":"default","ast-page-background-enabled":"default","ast-page-background-meta":{"desktop":{"background-color":"var(--ast-global-color-4)","background-image":"","background-repeat":"repeat","background-position":"center center","background-size":"auto","background-attachment":"scroll","background-type":"","background-media":"","overlay-type":"","overlay-color":"","overlay-opacity":"","overlay-gradient":""},"tablet":{"background-color":"","background-image":"","background-repeat":"repeat","background-position":"center center","background-size":"auto","background-attachment":"scroll","background-type":"","background-media":"","overlay-type":"","overlay-color":"","overlay-opacity":"","overlay-gradient":""},"mobile":{"background-color":"","background-image":"","background-repeat":"repeat","background-position":"center center","background-size":"auto","background-attachment":"scroll","background-type":"","background-media":"","overlay-type":"","overlay-color":"","overlay-opacity":"","overlay-gradient":""}},"ast-content-background-meta":{"desktop":{"background-color":"var(--ast-global-color-5)","background-image":"","background-repeat":"repeat","background-position":"center center","background-size":"auto","background-attachment":"scroll","background-type":"","background-media":"","overlay-type":"","overlay-color":"","overlay-opacity":"","overlay-gradient":""},"tablet":{"background-color":"var(--ast-global-color-5)","background-image":"","background-repeat":"repeat","background-position":"center center","background-size":"auto","background-attachment":"scroll","background-type":"","background-media":"","overlay-type":"","overlay-color":"","overlay-opacity":"","overlay-gradient":""},"mobile":{"background-color":"var(--ast-global-color-5)","background-image":"","background-repeat":"repeat","background-position":"center center","background-size":"auto","background-attachment":"scroll","background-type":"","background-media":"","overlay-type":"","overlay-color":"","overlay-opacity":"","overlay-gradient":""}},"footnotes":""},"class_list":["post-13349","page","type-page","status-publish","has-post-thumbnail","hentry"],"yoast_head":"<!-- This site is optimized with the Yoast SEO plugin v27.3 - https:\/\/yoast.com\/product\/yoast-seo-wordpress\/ -->\n<title>Informacje prawne. Niniejsza strona jest w\u0142asno\u015bci\u0105 pa\u0144stwa Codera<\/title>\n<meta name=\"description\" content=\"Informacje prawne. Strona Locations-06.fr jest w\u0142asno\u015bci\u0105 Thierry&#039;ego i Pascale Codera. 06620 Le Bar sur Loup \u2013 Francja\" \/>\n<meta name=\"robots\" content=\"index, follow, max-snippet:-1, max-image-preview:large, max-video-preview:-1\" \/>\n<link rel=\"canonical\" href=\"https:\/\/locations-06.fr\/pl\/informacje-prawne\/\" \/>\n<meta property=\"og:locale\" content=\"pl_PL\" \/>\n<meta property=\"og:type\" content=\"article\" \/>\n<meta property=\"og:title\" content=\"Informacje prawne. Niniejsza strona jest w\u0142asno\u015bci\u0105 pa\u0144stwa Codera\" \/>\n<meta property=\"og:description\" content=\"Informacje prawne. Strona Locations-06.fr jest w\u0142asno\u015bci\u0105 Thierry&#039;ego i Pascale Codera. 06620 Le Bar sur Loup \u2013 Francja\" \/>\n<meta property=\"og:url\" content=\"https:\/\/locations-06.fr\/pl\/informacje-prawne\/\" \/>\n<meta property=\"og:site_name\" content=\"Locations-06.fr\" \/>\n<meta property=\"article:publisher\" content=\"https:\/\/www.facebook.com\/pascalecodera0632755107\" \/>\n<meta property=\"article:modified_time\" content=\"2024-12-15T17:34:15+00:00\" \/>\n<meta property=\"og:image\" content=\"https:\/\/locations-06.fr\/wp-content\/uploads\/locations-06-vacances-cote-d-azur-gites-appartements-cannes-grasse-antibes1.png\" \/>\n\t<meta property=\"og:image:width\" content=\"375\" \/>\n\t<meta property=\"og:image:height\" content=\"220\" \/>\n\t<meta property=\"og:image:type\" content=\"image\/png\" \/>\n<meta name=\"twitter:card\" content=\"summary_large_image\" \/>\n<meta name=\"twitter:site\" content=\"@locations06\" \/>\n<meta name=\"twitter:label1\" content=\"Szacowany czas czytania\" \/>\n\t<meta name=\"twitter:data1\" content=\"1 minuta\" \/>\n<script type=\"application\/ld+json\" class=\"yoast-schema-graph\">{\"@context\":\"https:\\\/\\\/schema.org\",\"@graph\":[{\"@type\":\"WebPage\",\"@id\":\"https:\\\/\\\/locations-06.fr\\\/pl\\\/informacje-prawne\\\/\",\"url\":\"https:\\\/\\\/locations-06.fr\\\/pl\\\/informacje-prawne\\\/\",\"name\":\"Informacje prawne. Niniejsza strona jest w\u0142asno\u015bci\u0105 pa\u0144stwa Codera\",\"isPartOf\":{\"@id\":\"https:\\\/\\\/locations-06.fr\\\/pl\\\/#website\"},\"primaryImageOfPage\":{\"@id\":\"https:\\\/\\\/locations-06.fr\\\/pl\\\/informacje-prawne\\\/#primaryimage\"},\"image\":{\"@id\":\"https:\\\/\\\/locations-06.fr\\\/pl\\\/informacje-prawne\\\/#primaryimage\"},\"thumbnailUrl\":\"https:\\\/\\\/locations-06.fr\\\/wp-content\\\/uploads\\\/locations-06-vacances-cote-d-azur-gites-appartements-cannes-grasse-antibes1.png\",\"datePublished\":\"2023-12-29T12:48:12+00:00\",\"dateModified\":\"2024-12-15T17:34:15+00:00\",\"description\":\"Informacje prawne. Strona Locations-06.fr jest w\u0142asno\u015bci\u0105 Thierry'ego i Pascale Codera. 06620 Le Bar sur Loup \u2013 Francja\",\"breadcrumb\":{\"@id\":\"https:\\\/\\\/locations-06.fr\\\/pl\\\/informacje-prawne\\\/#breadcrumb\"},\"inLanguage\":\"pl-PL\",\"potentialAction\":[{\"@type\":\"ReadAction\",\"target\":[\"https:\\\/\\\/locations-06.fr\\\/pl\\\/informacje-prawne\\\/\"]}]},{\"@type\":\"ImageObject\",\"inLanguage\":\"pl-PL\",\"@id\":\"https:\\\/\\\/locations-06.fr\\\/pl\\\/informacje-prawne\\\/#primaryimage\",\"url\":\"https:\\\/\\\/locations-06.fr\\\/wp-content\\\/uploads\\\/locations-06-vacances-cote-d-azur-gites-appartements-cannes-grasse-antibes1.png\",\"contentUrl\":\"https:\\\/\\\/locations-06.fr\\\/wp-content\\\/uploads\\\/locations-06-vacances-cote-d-azur-gites-appartements-cannes-grasse-antibes1.png\",\"width\":375,\"height\":220},{\"@type\":\"BreadcrumbList\",\"@id\":\"https:\\\/\\\/locations-06.fr\\\/pl\\\/informacje-prawne\\\/#breadcrumb\",\"itemListElement\":[{\"@type\":\"ListItem\",\"position\":1,\"name\":\"Accueil\",\"item\":\"https:\\\/\\\/locations-06.fr\\\/pl\\\/wynajem-na-wakacje-lazurowe-wybrzeze-gites-i-apartamenty-w-poblizu-nicei-antibes-cannes-i-grasse\\\/\"},{\"@type\":\"ListItem\",\"position\":2,\"name\":\"Informacje prawne\"}]},{\"@type\":\"WebSite\",\"@id\":\"https:\\\/\\\/locations-06.fr\\\/pl\\\/#website\",\"url\":\"https:\\\/\\\/locations-06.fr\\\/pl\\\/\",\"name\":\"Locations-06.fr\",\"description\":\"Locations Gites en France sur la C\u00f4te d&#039;Azur - Appartements et Villas - gite, location de vacances et pas cher\",\"alternateName\":\"Locations-06.fr\",\"potentialAction\":[{\"@type\":\"SearchAction\",\"target\":{\"@type\":\"EntryPoint\",\"urlTemplate\":\"https:\\\/\\\/locations-06.fr\\\/pl\\\/?s={search_term_string}\"},\"query-input\":{\"@type\":\"PropertyValueSpecification\",\"valueRequired\":true,\"valueName\":\"search_term_string\"}}],\"inLanguage\":\"pl-PL\"}]}<\/script>\n<!-- \/ Yoast SEO plugin. -->","yoast_head_json":{"title":"Informacje prawne. Niniejsza strona jest w\u0142asno\u015bci\u0105 pa\u0144stwa Codera","description":"Informacje prawne. Strona Locations-06.fr jest w\u0142asno\u015bci\u0105 Thierry'ego i Pascale Codera. 06620 Le Bar sur Loup \u2013 Francja","robots":{"index":"index","follow":"follow","max-snippet":"max-snippet:-1","max-image-preview":"max-image-preview:large","max-video-preview":"max-video-preview:-1"},"canonical":"https:\/\/locations-06.fr\/pl\/informacje-prawne\/","og_locale":"pl_PL","og_type":"article","og_title":"Informacje prawne. Niniejsza strona jest w\u0142asno\u015bci\u0105 pa\u0144stwa Codera","og_description":"Informacje prawne. Strona Locations-06.fr jest w\u0142asno\u015bci\u0105 Thierry'ego i Pascale Codera. 06620 Le Bar sur Loup \u2013 Francja","og_url":"https:\/\/locations-06.fr\/pl\/informacje-prawne\/","og_site_name":"Locations-06.fr","article_publisher":"https:\/\/www.facebook.com\/pascalecodera0632755107","article_modified_time":"2024-12-15T17:34:15+00:00","og_image":[{"width":375,"height":220,"url":"https:\/\/locations-06.fr\/wp-content\/uploads\/locations-06-vacances-cote-d-azur-gites-appartements-cannes-grasse-antibes1.png","type":"image\/png"}],"twitter_card":"summary_large_image","twitter_site":"@locations06","twitter_misc":{"Szacowany czas czytania":"1 minuta"},"schema":{"@context":"https:\/\/schema.org","@graph":[{"@type":"WebPage","@id":"https:\/\/locations-06.fr\/pl\/informacje-prawne\/","url":"https:\/\/locations-06.fr\/pl\/informacje-prawne\/","name":"Informacje prawne. Niniejsza strona jest w\u0142asno\u015bci\u0105 pa\u0144stwa Codera","isPartOf":{"@id":"https:\/\/locations-06.fr\/pl\/#website"},"primaryImageOfPage":{"@id":"https:\/\/locations-06.fr\/pl\/informacje-prawne\/#primaryimage"},"image":{"@id":"https:\/\/locations-06.fr\/pl\/informacje-prawne\/#primaryimage"},"thumbnailUrl":"https:\/\/locations-06.fr\/wp-content\/uploads\/locations-06-vacances-cote-d-azur-gites-appartements-cannes-grasse-antibes1.png","datePublished":"2023-12-29T12:48:12+00:00","dateModified":"2024-12-15T17:34:15+00:00","description":"Informacje prawne. Strona Locations-06.fr jest w\u0142asno\u015bci\u0105 Thierry'ego i Pascale Codera. 06620 Le Bar sur Loup \u2013 Francja","breadcrumb":{"@id":"https:\/\/locations-06.fr\/pl\/informacje-prawne\/#breadcrumb"},"inLanguage":"pl-PL","potentialAction":[{"@type":"ReadAction","target":["https:\/\/locations-06.fr\/pl\/informacje-prawne\/"]}]},{"@type":"ImageObject","inLanguage":"pl-PL","@id":"https:\/\/locations-06.fr\/pl\/informacje-prawne\/#primaryimage","url":"https:\/\/locations-06.fr\/wp-content\/uploads\/locations-06-vacances-cote-d-azur-gites-appartements-cannes-grasse-antibes1.png","contentUrl":"https:\/\/locations-06.fr\/wp-content\/uploads\/locations-06-vacances-cote-d-azur-gites-appartements-cannes-grasse-antibes1.png","width":375,"height":220},{"@type":"BreadcrumbList","@id":"https:\/\/locations-06.fr\/pl\/informacje-prawne\/#breadcrumb","itemListElement":[{"@type":"ListItem","position":1,"name":"Accueil","item":"https:\/\/locations-06.fr\/pl\/wynajem-na-wakacje-lazurowe-wybrzeze-gites-i-apartamenty-w-poblizu-nicei-antibes-cannes-i-grasse\/"},{"@type":"ListItem","position":2,"name":"Informacje prawne"}]},{"@type":"WebSite","@id":"https:\/\/locations-06.fr\/pl\/#website","url":"https:\/\/locations-06.fr\/pl\/","name":"Locations-06.fr","description":"Locations Gites en France sur la C\u00f4te d&#039;Azur - Appartements et Villas - gite, location de vacances et pas cher","alternateName":"Locations-06.fr","potentialAction":[{"@type":"SearchAction","target":{"@type":"EntryPoint","urlTemplate":"https:\/\/locations-06.fr\/pl\/?s={search_term_string}"},"query-input":{"@type":"PropertyValueSpecification","valueRequired":true,"valueName":"search_term_string"}}],"inLanguage":"pl-PL"}]}},"_links":{"self":[{"href":"https:\/\/locations-06.fr\/pl\/wp-json\/wp\/v2\/pages\/13349","targetHints":{"allow":["GET"]}}],"collection":[{"href":"https:\/\/locations-06.fr\/pl\/wp-json\/wp\/v2\/pages"}],"about":[{"href":"https:\/\/locations-06.fr\/pl\/wp-json\/wp\/v2\/types\/page"}],"author":[{"embeddable":true,"href":"https:\/\/locations-06.fr\/pl\/wp-json\/wp\/v2\/users\/2"}],"replies":[{"embeddable":true,"href":"https:\/\/locations-06.fr\/pl\/wp-json\/wp\/v2\/comments?post=13349"}],"version-history":[{"count":2,"href":"https:\/\/locations-06.fr\/pl\/wp-json\/wp\/v2\/pages\/13349\/revisions"}],"predecessor-version":[{"id":16987,"href":"https:\/\/locations-06.fr\/pl\/wp-json\/wp\/v2\/pages\/13349\/revisions\/16987"}],"wp:featuredmedia":[{"embeddable":true,"href":"https:\/\/locations-06.fr\/pl\/wp-json\/wp\/v2\/media\/13315"}],"wp:attachment":[{"href":"https:\/\/locations-06.fr\/pl\/wp-json\/wp\/v2\/media?parent=13349"}],"curies":[{"name":"wp","href":"https:\/\/api.w.org\/{rel}","templated":true}]}}