{"id":20148,"date":"2023-12-29T13:48:12","date_gmt":"2023-12-29T12:48:12","guid":{"rendered":"https:\/\/locations-06.fr\/note-legali\/"},"modified":"2025-05-20T12:40:39","modified_gmt":"2025-05-20T10:40:39","slug":"note-legali","status":"publish","type":"page","link":"https:\/\/locations-06.fr\/it\/note-legali\/","title":{"rendered":"Note legali"},"content":{"rendered":"\t\t<div data-elementor-type=\"wp-page\" data-elementor-id=\"20148\" class=\"elementor elementor-20148 elementor-59\">\n\t\t\t\t<div class=\"elementor-element elementor-element-f6b9264 e-flex e-con-boxed e-con e-parent\" data-id=\"f6b9264\" data-element_type=\"container\" data-e-type=\"container\">\n\t\t\t\t\t<div class=\"e-con-inner\">\n\t\t\t\t<div class=\"elementor-element elementor-element-2737699 elementor-widget elementor-widget-heading\" data-id=\"2737699\" data-element_type=\"widget\" data-e-type=\"widget\" data-widget_type=\"heading.default\">\n\t\t\t\t<div class=\"elementor-widget-container\">\n\t\t\t\t\t<h1 class=\"elementor-heading-title elementor-size-default\">Note legali<\/h1>\t\t\t\t<\/div>\n\t\t\t\t<\/div>\n\t\t\t\t\t<\/div>\n\t\t\t\t<\/div>\n\t\t<div class=\"elementor-element elementor-element-a3c259c e-flex e-con-boxed e-con e-parent\" data-id=\"a3c259c\" data-element_type=\"container\" data-e-type=\"container\">\n\t\t\t\t\t<div class=\"e-con-inner\">\n\t\t\t\t<div class=\"elementor-element elementor-element-8a24a9d elementor-widget elementor-widget-text-editor\" data-id=\"8a24a9d\" data-element_type=\"widget\" data-e-type=\"widget\" data-widget_type=\"text-editor.default\">\n\t\t\t\t<div class=\"elementor-widget-container\">\n\t\t\t\t\t\t\t\t\t<p>Note legali<\/p>\t\t\t\t\t\t\t\t<\/div>\n\t\t\t\t<\/div>\n\t\t\t\t\t<\/div>\n\t\t\t\t<\/div>\n\t\t<div class=\"elementor-element elementor-element-f941534 e-flex e-con-boxed e-con e-parent\" data-id=\"f941534\" data-element_type=\"container\" data-e-type=\"container\">\n\t\t\t\t\t<div class=\"e-con-inner\">\n\t\t\t\t<div class=\"elementor-element elementor-element-cdd3bda elementor-widget elementor-widget-text-editor\" data-id=\"cdd3bda\" data-element_type=\"widget\" data-e-type=\"widget\" data-widget_type=\"text-editor.default\">\n\t\t\t\t<div class=\"elementor-widget-container\">\n\t\t\t\t\t\t\t\t\t<p><strong>Il sito Locations-06.fr \u00e8 di propriet\u00e0 di Thierry e Pascale Codera<\/strong><br>Sede: 614, chemin de Saint Jean<br>06620 Le Bar sur Loup &#8211; Francia<\/p><p>Direttore della pubblicazione: Thierry Codera<br>Servizio clienti: locations-06@wanadoo.fr<br><strong>Telefono<\/strong>: +33 (0)4 93 42 93 58<br><strong>Cellulare<\/strong>: +33 (0)6 32 75 51 07<\/p><p>Il sito \u00e8 ospitato da Ionos<br>7, Place de la Gare, BP 70109, 57200 Sarreguemines Cedex<\/p><p>Il webmaster \u00e8 Cnathalie<\/p><p>Mail : <a href=\"mailto:1901@cnathalie.com\"><strong>1901@cnathalie.com<\/strong><\/a><\/p><p>Sito : <a href=\"https:\/\/cnathalie.com\"><strong>https:\/\/cnathalie.com<\/strong><\/a><\/p><p><strong>Dati personali e diritto di rettifica<\/strong><br>Conformemente alla legge n. 78-17 del 6 gennaio 1978, nota come legge &#8220;Informatica e Libert\u00e0&#8221;, avete il diritto di accedere, modificare, rettificare e cancellare tutte le informazioni che vi riguardano contattando:<\/p><p>Thierry CODERA<br>614, chemin de Saint Jean<br>06620 Le Bar sur Loup<\/p><p>In conformit\u00e0 con la legge sulla propriet\u00e0 intellettuale, tutti i contenuti editoriali e le illustrazioni presenti su questo sito sono protetti dalla legge francese e dai trattati internazionali. Non possono essere copiati senza l&#8217;espresso consenso del proprietario del sito. \u00c8 severamente vietato il riutilizzo dei contenuti editoriali, della grafica e delle immagini del sito per qualsiasi scopo. Tuttavia, la diffusione delle informazioni contenute in questo sito \u00e8 possibile per usi non commerciali, ma solo con il consenso del proprietario del sito e a condizione che non vengano modificate. Tali autorizzazioni alla riproduzione vengono concesse caso per caso. Vi preghiamo di inviare le vostre richieste a <a href=\"mailto:locations-06@wanadoo.fr\">locations-06@wanadoo.fr<\/a>.     <\/p>\t\t\t\t\t\t\t\t<\/div>\n\t\t\t\t<\/div>\n\t\t\t\t\t<\/div>\n\t\t\t\t<\/div>\n\t\t<div class=\"elementor-element elementor-element-f30ae1c e-flex e-con-boxed e-con e-parent\" data-id=\"f30ae1c\" data-element_type=\"container\" data-e-type=\"container\">\n\t\t\t\t\t<div class=\"e-con-inner\">\n\t\t\t\t<div class=\"elementor-element elementor-element-01aaeb1 elementor-widget elementor-widget-image\" data-id=\"01aaeb1\" data-element_type=\"widget\" data-e-type=\"widget\" data-widget_type=\"image.default\">\n\t\t\t\t<div class=\"elementor-widget-container\">\n\t\t\t\t\t\t\t\t\t\t\t\t\t\t\t<img fetchpriority=\"high\" decoding=\"async\" width=\"375\" height=\"220\" src=\"https:\/\/locations-06.fr\/wp-content\/uploads\/locations-06-vacances-cote-d-azur-gites-appartements-cannes-grasse-antibes1.png\" class=\"attachment-large size-large wp-image-19957\" alt=\"\" srcset=\"https:\/\/locations-06.fr\/wp-content\/uploads\/locations-06-vacances-cote-d-azur-gites-appartements-cannes-grasse-antibes1.png 375w, https:\/\/locations-06.fr\/wp-content\/uploads\/locations-06-vacances-cote-d-azur-gites-appartements-cannes-grasse-antibes1-300x176.png 300w\" sizes=\"(max-width: 375px) 100vw, 375px\" \/>\t\t\t\t\t\t\t\t\t\t\t\t\t\t\t<\/div>\n\t\t\t\t<\/div>\n\t\t\t\t\t<\/div>\n\t\t\t\t<\/div>\n\t\t\t\t<\/div>\n\t\t","protected":false},"excerpt":{"rendered":"<p>Note legali Note legali Il sito Locations-06.fr \u00e8 di propriet\u00e0 di Thierry e Pascale CoderaSede: 614, chemin de Saint Jean06620 Le Bar sur Loup &#8211; Francia Direttore della pubblicazione: Thierry CoderaServizio clienti: locations-06@wanadoo.frTelefono: +33 (0)4 93 42 93 58Cellulare: +33 (0)6 32 75 51 07 Il sito \u00e8 ospitato da Ionos7, Place de la Gare, [&hellip;]<\/p>\n","protected":false},"author":2,"featured_media":19957,"parent":0,"menu_order":0,"comment_status":"closed","ping_status":"closed","template":"","meta":{"site-sidebar-layout":"no-sidebar","site-content-layout":"","ast-site-content-layout":"full-width-container","site-content-style":"default","site-sidebar-style":"default","ast-global-header-display":"","ast-banner-title-visibility":"","ast-main-header-display":"","ast-hfb-above-header-display":"","ast-hfb-below-header-display":"","ast-hfb-mobile-header-display":"","site-post-title":"disabled","ast-breadcrumbs-content":"","ast-featured-img":"disabled","footer-sml-layout":"","ast-disable-related-posts":"","theme-transparent-header-meta":"","adv-header-id-meta":"","stick-header-meta":"","header-above-stick-meta":"","header-main-stick-meta":"","header-below-stick-meta":"","astra-migrate-meta-layouts":"default","ast-page-background-enabled":"default","ast-page-background-meta":{"desktop":{"background-color":"var(--ast-global-color-4)","background-image":"","background-repeat":"repeat","background-position":"center center","background-size":"auto","background-attachment":"scroll","background-type":"","background-media":"","overlay-type":"","overlay-color":"","overlay-opacity":"","overlay-gradient":""},"tablet":{"background-color":"","background-image":"","background-repeat":"repeat","background-position":"center center","background-size":"auto","background-attachment":"scroll","background-type":"","background-media":"","overlay-type":"","overlay-color":"","overlay-opacity":"","overlay-gradient":""},"mobile":{"background-color":"","background-image":"","background-repeat":"repeat","background-position":"center center","background-size":"auto","background-attachment":"scroll","background-type":"","background-media":"","overlay-type":"","overlay-color":"","overlay-opacity":"","overlay-gradient":""}},"ast-content-background-meta":{"desktop":{"background-color":"var(--ast-global-color-5)","background-image":"","background-repeat":"repeat","background-position":"center center","background-size":"auto","background-attachment":"scroll","background-type":"","background-media":"","overlay-type":"","overlay-color":"","overlay-opacity":"","overlay-gradient":""},"tablet":{"background-color":"var(--ast-global-color-5)","background-image":"","background-repeat":"repeat","background-position":"center center","background-size":"auto","background-attachment":"scroll","background-type":"","background-media":"","overlay-type":"","overlay-color":"","overlay-opacity":"","overlay-gradient":""},"mobile":{"background-color":"var(--ast-global-color-5)","background-image":"","background-repeat":"repeat","background-position":"center center","background-size":"auto","background-attachment":"scroll","background-type":"","background-media":"","overlay-type":"","overlay-color":"","overlay-opacity":"","overlay-gradient":""}},"footnotes":""},"class_list":["post-20148","page","type-page","status-publish","has-post-thumbnail","hentry"],"yoast_head":"<!-- This site is optimized with the Yoast SEO plugin v27.4 - https:\/\/yoast.com\/product\/yoast-seo-wordpress\/ -->\n<title>Note legali. Questo sito \u00e8 di propriet\u00e0 del Sig. e della Sig.ra Codera<\/title>\n<meta name=\"description\" content=\"Note legali. Il sito Locations-06.fr \u00e8 di propriet\u00e0 di Thierry e Pascale Codera. 06620 Le Bar sur Loup \u2013 Francia\" \/>\n<meta name=\"robots\" content=\"index, follow, max-snippet:-1, max-image-preview:large, max-video-preview:-1\" \/>\n<link rel=\"canonical\" href=\"https:\/\/locations-06.fr\/it\/note-legali\/\" \/>\n<meta property=\"og:locale\" content=\"it_IT\" \/>\n<meta property=\"og:type\" content=\"article\" \/>\n<meta property=\"og:title\" content=\"Note legali. Questo sito \u00e8 di propriet\u00e0 del Sig. e della Sig.ra Codera\" \/>\n<meta property=\"og:description\" content=\"Note legali. Il sito Locations-06.fr \u00e8 di propriet\u00e0 di Thierry e Pascale Codera. 06620 Le Bar sur Loup \u2013 Francia\" \/>\n<meta property=\"og:url\" content=\"https:\/\/locations-06.fr\/it\/note-legali\/\" \/>\n<meta property=\"og:site_name\" content=\"Locations-06.fr\" \/>\n<meta property=\"article:publisher\" content=\"https:\/\/www.facebook.com\/pascalecodera0632755107\" \/>\n<meta property=\"article:modified_time\" content=\"2025-05-20T10:40:39+00:00\" \/>\n<meta property=\"og:image\" content=\"https:\/\/locations-06.fr\/wp-content\/uploads\/locations-06-vacances-cote-d-azur-gites-appartements-cannes-grasse-antibes1.png\" \/>\n\t<meta property=\"og:image:width\" content=\"375\" \/>\n\t<meta property=\"og:image:height\" content=\"220\" \/>\n\t<meta property=\"og:image:type\" content=\"image\/png\" \/>\n<meta name=\"twitter:card\" content=\"summary_large_image\" \/>\n<meta name=\"twitter:site\" content=\"@locations06\" \/>\n<meta name=\"twitter:label1\" content=\"Tempo di lettura stimato\" \/>\n\t<meta name=\"twitter:data1\" content=\"1 minuto\" \/>\n<script type=\"application\/ld+json\" class=\"yoast-schema-graph\">{\"@context\":\"https:\\\/\\\/schema.org\",\"@graph\":[{\"@type\":\"WebPage\",\"@id\":\"https:\\\/\\\/locations-06.fr\\\/it\\\/note-legali\\\/\",\"url\":\"https:\\\/\\\/locations-06.fr\\\/it\\\/note-legali\\\/\",\"name\":\"Note legali. Questo sito \u00e8 di propriet\u00e0 del Sig. e della Sig.ra Codera\",\"isPartOf\":{\"@id\":\"https:\\\/\\\/locations-06.fr\\\/it\\\/#website\"},\"primaryImageOfPage\":{\"@id\":\"https:\\\/\\\/locations-06.fr\\\/it\\\/note-legali\\\/#primaryimage\"},\"image\":{\"@id\":\"https:\\\/\\\/locations-06.fr\\\/it\\\/note-legali\\\/#primaryimage\"},\"thumbnailUrl\":\"https:\\\/\\\/locations-06.fr\\\/wp-content\\\/uploads\\\/locations-06-vacances-cote-d-azur-gites-appartements-cannes-grasse-antibes1.png\",\"datePublished\":\"2023-12-29T12:48:12+00:00\",\"dateModified\":\"2025-05-20T10:40:39+00:00\",\"description\":\"Note legali. Il sito Locations-06.fr \u00e8 di propriet\u00e0 di Thierry e Pascale Codera. 06620 Le Bar sur Loup \u2013 Francia\",\"breadcrumb\":{\"@id\":\"https:\\\/\\\/locations-06.fr\\\/it\\\/note-legali\\\/#breadcrumb\"},\"inLanguage\":\"it-IT\",\"potentialAction\":[{\"@type\":\"ReadAction\",\"target\":[\"https:\\\/\\\/locations-06.fr\\\/it\\\/note-legali\\\/\"]}]},{\"@type\":\"ImageObject\",\"inLanguage\":\"it-IT\",\"@id\":\"https:\\\/\\\/locations-06.fr\\\/it\\\/note-legali\\\/#primaryimage\",\"url\":\"https:\\\/\\\/locations-06.fr\\\/wp-content\\\/uploads\\\/locations-06-vacances-cote-d-azur-gites-appartements-cannes-grasse-antibes1.png\",\"contentUrl\":\"https:\\\/\\\/locations-06.fr\\\/wp-content\\\/uploads\\\/locations-06-vacances-cote-d-azur-gites-appartements-cannes-grasse-antibes1.png\",\"width\":375,\"height\":220},{\"@type\":\"BreadcrumbList\",\"@id\":\"https:\\\/\\\/locations-06.fr\\\/it\\\/note-legali\\\/#breadcrumb\",\"itemListElement\":[{\"@type\":\"ListItem\",\"position\":1,\"name\":\"Accueil\",\"item\":\"https:\\\/\\\/locations-06.fr\\\/it\\\/\"},{\"@type\":\"ListItem\",\"position\":2,\"name\":\"Note legali\"}]},{\"@type\":\"WebSite\",\"@id\":\"https:\\\/\\\/locations-06.fr\\\/it\\\/#website\",\"url\":\"https:\\\/\\\/locations-06.fr\\\/it\\\/\",\"name\":\"Locations-06.fr\",\"description\":\"Locations Gites en France sur la C\u00f4te d&#039;Azur - Appartements et Villas - gite, location de vacances et pas cher\",\"alternateName\":\"Locations-06.fr\",\"potentialAction\":[{\"@type\":\"SearchAction\",\"target\":{\"@type\":\"EntryPoint\",\"urlTemplate\":\"https:\\\/\\\/locations-06.fr\\\/it\\\/?s={search_term_string}\"},\"query-input\":{\"@type\":\"PropertyValueSpecification\",\"valueRequired\":true,\"valueName\":\"search_term_string\"}}],\"inLanguage\":\"it-IT\"}]}<\/script>\n<!-- \/ Yoast SEO plugin. -->","yoast_head_json":{"title":"Note legali. Questo sito \u00e8 di propriet\u00e0 del Sig. e della Sig.ra Codera","description":"Note legali. Il sito Locations-06.fr \u00e8 di propriet\u00e0 di Thierry e Pascale Codera. 06620 Le Bar sur Loup \u2013 Francia","robots":{"index":"index","follow":"follow","max-snippet":"max-snippet:-1","max-image-preview":"max-image-preview:large","max-video-preview":"max-video-preview:-1"},"canonical":"https:\/\/locations-06.fr\/it\/note-legali\/","og_locale":"it_IT","og_type":"article","og_title":"Note legali. Questo sito \u00e8 di propriet\u00e0 del Sig. e della Sig.ra Codera","og_description":"Note legali. Il sito Locations-06.fr \u00e8 di propriet\u00e0 di Thierry e Pascale Codera. 06620 Le Bar sur Loup \u2013 Francia","og_url":"https:\/\/locations-06.fr\/it\/note-legali\/","og_site_name":"Locations-06.fr","article_publisher":"https:\/\/www.facebook.com\/pascalecodera0632755107","article_modified_time":"2025-05-20T10:40:39+00:00","og_image":[{"width":375,"height":220,"url":"https:\/\/locations-06.fr\/wp-content\/uploads\/locations-06-vacances-cote-d-azur-gites-appartements-cannes-grasse-antibes1.png","type":"image\/png"}],"twitter_card":"summary_large_image","twitter_site":"@locations06","twitter_misc":{"Tempo di lettura stimato":"1 minuto"},"schema":{"@context":"https:\/\/schema.org","@graph":[{"@type":"WebPage","@id":"https:\/\/locations-06.fr\/it\/note-legali\/","url":"https:\/\/locations-06.fr\/it\/note-legali\/","name":"Note legali. Questo sito \u00e8 di propriet\u00e0 del Sig. e della Sig.ra Codera","isPartOf":{"@id":"https:\/\/locations-06.fr\/it\/#website"},"primaryImageOfPage":{"@id":"https:\/\/locations-06.fr\/it\/note-legali\/#primaryimage"},"image":{"@id":"https:\/\/locations-06.fr\/it\/note-legali\/#primaryimage"},"thumbnailUrl":"https:\/\/locations-06.fr\/wp-content\/uploads\/locations-06-vacances-cote-d-azur-gites-appartements-cannes-grasse-antibes1.png","datePublished":"2023-12-29T12:48:12+00:00","dateModified":"2025-05-20T10:40:39+00:00","description":"Note legali. Il sito Locations-06.fr \u00e8 di propriet\u00e0 di Thierry e Pascale Codera. 06620 Le Bar sur Loup \u2013 Francia","breadcrumb":{"@id":"https:\/\/locations-06.fr\/it\/note-legali\/#breadcrumb"},"inLanguage":"it-IT","potentialAction":[{"@type":"ReadAction","target":["https:\/\/locations-06.fr\/it\/note-legali\/"]}]},{"@type":"ImageObject","inLanguage":"it-IT","@id":"https:\/\/locations-06.fr\/it\/note-legali\/#primaryimage","url":"https:\/\/locations-06.fr\/wp-content\/uploads\/locations-06-vacances-cote-d-azur-gites-appartements-cannes-grasse-antibes1.png","contentUrl":"https:\/\/locations-06.fr\/wp-content\/uploads\/locations-06-vacances-cote-d-azur-gites-appartements-cannes-grasse-antibes1.png","width":375,"height":220},{"@type":"BreadcrumbList","@id":"https:\/\/locations-06.fr\/it\/note-legali\/#breadcrumb","itemListElement":[{"@type":"ListItem","position":1,"name":"Accueil","item":"https:\/\/locations-06.fr\/it\/"},{"@type":"ListItem","position":2,"name":"Note legali"}]},{"@type":"WebSite","@id":"https:\/\/locations-06.fr\/it\/#website","url":"https:\/\/locations-06.fr\/it\/","name":"Locations-06.fr","description":"Locations Gites en France sur la C\u00f4te d&#039;Azur - Appartements et Villas - gite, location de vacances et pas cher","alternateName":"Locations-06.fr","potentialAction":[{"@type":"SearchAction","target":{"@type":"EntryPoint","urlTemplate":"https:\/\/locations-06.fr\/it\/?s={search_term_string}"},"query-input":{"@type":"PropertyValueSpecification","valueRequired":true,"valueName":"search_term_string"}}],"inLanguage":"it-IT"}]}},"_links":{"self":[{"href":"https:\/\/locations-06.fr\/it\/wp-json\/wp\/v2\/pages\/20148","targetHints":{"allow":["GET"]}}],"collection":[{"href":"https:\/\/locations-06.fr\/it\/wp-json\/wp\/v2\/pages"}],"about":[{"href":"https:\/\/locations-06.fr\/it\/wp-json\/wp\/v2\/types\/page"}],"author":[{"embeddable":true,"href":"https:\/\/locations-06.fr\/it\/wp-json\/wp\/v2\/users\/2"}],"replies":[{"embeddable":true,"href":"https:\/\/locations-06.fr\/it\/wp-json\/wp\/v2\/comments?post=20148"}],"version-history":[{"count":1,"href":"https:\/\/locations-06.fr\/it\/wp-json\/wp\/v2\/pages\/20148\/revisions"}],"predecessor-version":[{"id":20149,"href":"https:\/\/locations-06.fr\/it\/wp-json\/wp\/v2\/pages\/20148\/revisions\/20149"}],"wp:featuredmedia":[{"embeddable":true,"href":"https:\/\/locations-06.fr\/it\/wp-json\/wp\/v2\/media\/19957"}],"wp:attachment":[{"href":"https:\/\/locations-06.fr\/it\/wp-json\/wp\/v2\/media?parent=20148"}],"curies":[{"name":"wp","href":"https:\/\/api.w.org\/{rel}","templated":true}]}}