{"id":19986,"date":"2025-03-29T16:23:58","date_gmt":"2025-03-29T15:23:58","guid":{"rendered":"https:\/\/locations-06.fr\/appartamento-con-2-locali-da-letto-in-vendita-zona-cannes-broussailles-e-petit-juas\/"},"modified":"2025-11-11T16:20:33","modified_gmt":"2025-11-11T15:20:33","slug":"appartamento-con-2-locali-da-letto-in-vendita-zona-cannes-broussailles-e-petit-juas","status":"publish","type":"page","link":"https:\/\/locations-06.fr\/it\/appartamento-con-2-locali-da-letto-in-vendita-zona-cannes-broussailles-e-petit-juas\/","title":{"rendered":"Appartamento con 2 locali da letto in vendita, zona Cannes-Broussailles e Petit-Juas"},"content":{"rendered":"\t\t<div data-elementor-type=\"wp-page\" data-elementor-id=\"19986\" class=\"elementor elementor-19986 elementor-19473\">\n\t\t\t\t<div class=\"elementor-element elementor-element-fe18950 e-flex e-con-boxed e-con e-parent\" data-id=\"fe18950\" data-element_type=\"container\" data-e-type=\"container\">\n\t\t\t\t\t<div class=\"e-con-inner\">\n\t\t\t\t<div class=\"elementor-element elementor-element-2616048 elementor-widget elementor-widget-text-editor\" data-id=\"2616048\" data-element_type=\"widget\" data-e-type=\"widget\" data-widget_type=\"text-editor.default\">\n\t\t\t\t<div class=\"elementor-widget-container\">\n\t\t\t\t\t\t\t\t\t<h1>Appartamento F3 in vendita a Cannes, zona Broussailles &amp;Petit-Juas<\/h1>\t\t\t\t\t\t\t\t<\/div>\n\t\t\t\t<\/div>\n\t\t\t\t\t<\/div>\n\t\t\t\t<\/div>\n\t\t<div class=\"elementor-element elementor-element-a39c660 e-flex e-con-boxed e-con e-parent\" data-id=\"a39c660\" data-element_type=\"container\" data-e-type=\"container\">\n\t\t\t\t\t<div class=\"e-con-inner\">\n\t\t<div class=\"elementor-element elementor-element-c1c0b0f e-con-full e-flex e-con e-child\" data-id=\"c1c0b0f\" data-element_type=\"container\" data-e-type=\"container\">\n\t\t\t\t<div class=\"elementor-element elementor-element-984d5e7 elementor-widget elementor-widget-text-editor\" data-id=\"984d5e7\" data-element_type=\"widget\" data-e-type=\"widget\" data-widget_type=\"text-editor.default\">\n\t\t\t\t<div class=\"elementor-widget-container\">\n\t\t\t\t\t\t\t\t\t<p>appartamento 3 locali Cannes<\/p>\t\t\t\t\t\t\t\t<\/div>\n\t\t\t\t<\/div>\n\t\t\t\t<div class=\"elementor-element elementor-element-13d9b71 elementor-widget elementor-widget-text-editor\" data-id=\"13d9b71\" data-element_type=\"widget\" data-e-type=\"widget\" data-widget_type=\"text-editor.default\">\n\t\t\t\t<div class=\"elementor-widget-container\">\n\t\t\t\t\t\t\t\t\t<h2>Appartamento con 2 camere da letto a Cannes, vicino a Grasse, Antibes e Valbonne-Sophia Antipolis<\/h2><h3>Ideale come primo acquisto, pied-\u00e0-terre sulla Costa Azzurra o come investimento.<\/h3><p>Bellissimo appartamento di 57 m\u00b2 al piano terra di un residence.<br>Esposizione a est, calma.<br>Appartamento completamente climatizzato tramite aria condizionata inverter reversibile.<br>2 camere da letto. 1 bagno. 1 soggiorno con cucina a pianta aperta. Ampio balcone.   <\/p><p>Situato a 300 metri a piedi da tutti i negozi.<\/p>\t\t\t\t\t\t\t\t<\/div>\n\t\t\t\t<\/div>\n\t\t\t\t<\/div>\n\t\t<div class=\"elementor-element elementor-element-18ca76e e-con-full e-flex e-con e-child\" data-id=\"18ca76e\" data-element_type=\"container\" data-e-type=\"container\">\n\t\t\t\t<div class=\"elementor-element elementor-element-37069a0 elementor-widget elementor-widget-google_maps\" data-id=\"37069a0\" data-element_type=\"widget\" data-e-type=\"widget\" data-widget_type=\"google_maps.default\">\n\t\t\t\t<div class=\"elementor-widget-container\">\n\t\t\t\t\t\t\t<div class=\"elementor-custom-embed\">\n\t\t\t<iframe loading=\"lazy\"\n\t\t\t\t\tsrc=\"https:\/\/maps.google.com\/maps?q=22%20avenue%20des%20broussailles%2C%20cannes&#038;t=m&#038;z=11&#038;output=embed&#038;iwloc=near\"\n\t\t\t\t\ttitle=\"22 avenue des broussailles, cannes\"\n\t\t\t\t\taria-label=\"22 avenue des broussailles, cannes\"\n\t\t\t><\/iframe>\n\t\t<\/div>\n\t\t\t\t\t\t<\/div>\n\t\t\t\t<\/div>\n\t\t\t\t<div class=\"elementor-element elementor-element-eaf901e elementor-widget elementor-widget-text-editor\" data-id=\"eaf901e\" data-element_type=\"widget\" data-e-type=\"widget\" data-widget_type=\"text-editor.default\">\n\t\t\t\t<div class=\"elementor-widget-container\">\n\t\t\t\t\t\t\t\t\t<p>appartamento 3 locali Cannes<\/p>\t\t\t\t\t\t\t\t<\/div>\n\t\t\t\t<\/div>\n\t\t\t\t<\/div>\n\t\t\t\t\t<\/div>\n\t\t\t\t<\/div>\n\t\t<div class=\"elementor-element elementor-element-f27f5f3 e-flex e-con-boxed e-con e-parent\" data-id=\"f27f5f3\" data-element_type=\"container\" data-e-type=\"container\">\n\t\t\t\t\t<div class=\"e-con-inner\">\n\t\t\t\t<div class=\"elementor-element elementor-element-39920ed elementor-widget elementor-widget-text-editor\" data-id=\"39920ed\" data-element_type=\"widget\" data-e-type=\"widget\" data-widget_type=\"text-editor.default\">\n\t\t\t\t<div class=\"elementor-widget-container\">\n\t\t\t\t\t\t\t\t\t<p>I quartieri Broussailles e Petit Juas di Cannes offrono un contesto abitativo gradevole, che coniuga la tranquillit\u00e0 residenziale con la vicinanza al centro citt\u00e0.<br><strong>Il quartiere Broussailles<\/strong> gode di una posizione privilegiata, a soli 2 km dalla stazione ferroviaria SNCF di Cannes, facilitando gli spostamenti. Ben servito da numerose linee di autobus, offre diverse tipologie di alloggi, dai monolocali alle ville di lusso. La zona ospita anche diverse scuole e l&#8217;ospedale di Cannes, il che la rende pi\u00f9 attraente per le famiglie.  <br><strong>Le Petit Juas<\/strong> \u00e8 un quartiere tranquillo e urbano, situato nelle immediate vicinanze del centro di Cannes. Offre un ambiente di vita piacevole, punteggiato da incantevoli ville e spazi verdi. La zona \u00e8 ben fornita di negozi, scuole e impianti sportivi. Inoltre, i progetti di riqualificazione, come la creazione di piazza Mallarm\u00e9, dimostrano la volont\u00e0 di abbellire il quartiere e migliorare la qualit\u00e0 della vita dei residenti.   <\/p><p>Questi due quartieri coniugano la tranquillit\u00e0 della vita residenziale con i vantaggi della vicinanza al centro di Cannes, offrendo un ambiente di vita ideale per famiglie e investitori.<\/p><ul><li>Autostrada A8 &#8211; Uscita 42 a 10 minuti di distanza.<\/li><li>20 minuti da Mouans-Sartoux, Valbonne &amp; Sophia-Antipolis.<\/li><li>25 minuti da Grasse ad Antibes.<\/li><li>A 30 minuti da Nizza-La Plaine<\/li><\/ul><p><strong>Diagnostica<\/strong><\/p><p>DPE in corso<br>GES in corso<br>Carrez 57 m\u00b2<\/p><p>Tel: <a href=\"tel:0493429358\">04.93.42.93.58<\/a> &#8211; <a href=\"tel:0632755107\">06.32.75.51.07<\/a> tutti i giorni dalle 8:00 alle 21:00.<br><a href=\"mailto:locations-06@wanadoo.fr\">locations-06@wanadoo.fr<\/a><\/p>\t\t\t\t\t\t\t\t<\/div>\n\t\t\t\t<\/div>\n\t\t\t\t\t<\/div>\n\t\t\t\t<\/div>\n\t\t\t\t<\/div>\n\t\t","protected":false},"excerpt":{"rendered":"<p>Appartamento F3 in vendita a Cannes, zona Broussailles &amp;Petit-Juas appartamento 3 locali Cannes Appartamento con 2 camere da letto a Cannes, vicino a Grasse, Antibes e Valbonne-Sophia Antipolis Ideale come primo acquisto, pied-\u00e0-terre sulla Costa Azzurra o come investimento. Bellissimo appartamento di 57 m\u00b2 al piano terra di un residence.Esposizione a est, calma.Appartamento completamente climatizzato [&hellip;]<\/p>\n","protected":false},"author":2,"featured_media":0,"parent":0,"menu_order":0,"comment_status":"closed","ping_status":"closed","template":"","meta":{"site-sidebar-layout":"no-sidebar","site-content-layout":"","ast-site-content-layout":"full-width-container","site-content-style":"default","site-sidebar-style":"default","ast-global-header-display":"","ast-banner-title-visibility":"","ast-main-header-display":"","ast-hfb-above-header-display":"","ast-hfb-below-header-display":"","ast-hfb-mobile-header-display":"","site-post-title":"disabled","ast-breadcrumbs-content":"","ast-featured-img":"disabled","footer-sml-layout":"","ast-disable-related-posts":"","theme-transparent-header-meta":"","adv-header-id-meta":"","stick-header-meta":"","header-above-stick-meta":"","header-main-stick-meta":"","header-below-stick-meta":"","astra-migrate-meta-layouts":"default","ast-page-background-enabled":"default","ast-page-background-meta":{"desktop":{"background-color":"var(--ast-global-color-4)","background-image":"","background-repeat":"repeat","background-position":"center center","background-size":"auto","background-attachment":"scroll","background-type":"","background-media":"","overlay-type":"","overlay-color":"","overlay-opacity":"","overlay-gradient":""},"tablet":{"background-color":"","background-image":"","background-repeat":"repeat","background-position":"center center","background-size":"auto","background-attachment":"scroll","background-type":"","background-media":"","overlay-type":"","overlay-color":"","overlay-opacity":"","overlay-gradient":""},"mobile":{"background-color":"","background-image":"","background-repeat":"repeat","background-position":"center center","background-size":"auto","background-attachment":"scroll","background-type":"","background-media":"","overlay-type":"","overlay-color":"","overlay-opacity":"","overlay-gradient":""}},"ast-content-background-meta":{"desktop":{"background-color":"var(--ast-global-color-5)","background-image":"","background-repeat":"repeat","background-position":"center center","background-size":"auto","background-attachment":"scroll","background-type":"","background-media":"","overlay-type":"","overlay-color":"","overlay-opacity":"","overlay-gradient":""},"tablet":{"background-color":"var(--ast-global-color-5)","background-image":"","background-repeat":"repeat","background-position":"center center","background-size":"auto","background-attachment":"scroll","background-type":"","background-media":"","overlay-type":"","overlay-color":"","overlay-opacity":"","overlay-gradient":""},"mobile":{"background-color":"var(--ast-global-color-5)","background-image":"","background-repeat":"repeat","background-position":"center center","background-size":"auto","background-attachment":"scroll","background-type":"","background-media":"","overlay-type":"","overlay-color":"","overlay-opacity":"","overlay-gradient":""}},"footnotes":""},"class_list":["post-19986","page","type-page","status-publish","hentry"],"yoast_head":"<!-- This site is optimized with the Yoast SEO plugin v27.3 - https:\/\/yoast.com\/product\/yoast-seo-wordpress\/ -->\n<title>Acquista un appartamento di 3 locali a Cannes in vendita in una zona tranquilla<\/title>\n<meta name=\"description\" content=\"Acquistare un appartamento di 3 locali a Cannes, quartiere Broussailles-Petit Juas, vicino a Grasse, Antibes, Valbonne-Sophia Antipolis\" \/>\n<meta name=\"robots\" content=\"index, follow, max-snippet:-1, max-image-preview:large, max-video-preview:-1\" \/>\n<link rel=\"canonical\" href=\"https:\/\/locations-06.fr\/it\/appartamento-con-2-locali-da-letto-in-vendita-zona-cannes-broussailles-e-petit-juas\/\" \/>\n<meta property=\"og:locale\" content=\"it_IT\" \/>\n<meta property=\"og:type\" content=\"article\" \/>\n<meta property=\"og:title\" content=\"Acquista un appartamento di 3 locali a Cannes in vendita in una zona tranquilla\" \/>\n<meta property=\"og:description\" content=\"Acquistare un appartamento di 3 locali a Cannes, quartiere Broussailles-Petit Juas, vicino a Grasse, Antibes, Valbonne-Sophia Antipolis\" \/>\n<meta property=\"og:url\" content=\"https:\/\/locations-06.fr\/it\/appartamento-con-2-locali-da-letto-in-vendita-zona-cannes-broussailles-e-petit-juas\/\" \/>\n<meta property=\"og:site_name\" content=\"Locations-06.fr\" \/>\n<meta property=\"article:publisher\" content=\"https:\/\/www.facebook.com\/pascalecodera0632755107\" \/>\n<meta property=\"article:modified_time\" content=\"2025-11-11T15:20:33+00:00\" \/>\n<meta property=\"og:image\" content=\"https:\/\/locations-06.fr\/wp-content\/uploads\/locations-06-vacances-cote-d-azur-gites-appartements-cannes-grasse-antibes1-1.png\" \/>\n\t<meta property=\"og:image:width\" content=\"375\" \/>\n\t<meta property=\"og:image:height\" content=\"220\" \/>\n\t<meta property=\"og:image:type\" content=\"image\/png\" \/>\n<meta name=\"twitter:card\" content=\"summary_large_image\" \/>\n<meta name=\"twitter:site\" content=\"@locations06\" \/>\n<meta name=\"twitter:label1\" content=\"Tempo di lettura stimato\" \/>\n\t<meta name=\"twitter:data1\" content=\"1 minuto\" \/>\n<script type=\"application\/ld+json\" class=\"yoast-schema-graph\">{\"@context\":\"https:\\\/\\\/schema.org\",\"@graph\":[{\"@type\":\"WebPage\",\"@id\":\"https:\\\/\\\/locations-06.fr\\\/it\\\/appartamento-con-2-locali-da-letto-in-vendita-zona-cannes-broussailles-e-petit-juas\\\/\",\"url\":\"https:\\\/\\\/locations-06.fr\\\/it\\\/appartamento-con-2-locali-da-letto-in-vendita-zona-cannes-broussailles-e-petit-juas\\\/\",\"name\":\"Acquista un appartamento di 3 locali a Cannes in vendita in una zona tranquilla\",\"isPartOf\":{\"@id\":\"https:\\\/\\\/locations-06.fr\\\/it\\\/#website\"},\"datePublished\":\"2025-03-29T15:23:58+00:00\",\"dateModified\":\"2025-11-11T15:20:33+00:00\",\"description\":\"Acquistare un appartamento di 3 locali a Cannes, quartiere Broussailles-Petit Juas, vicino a Grasse, Antibes, Valbonne-Sophia Antipolis\",\"breadcrumb\":{\"@id\":\"https:\\\/\\\/locations-06.fr\\\/it\\\/appartamento-con-2-locali-da-letto-in-vendita-zona-cannes-broussailles-e-petit-juas\\\/#breadcrumb\"},\"inLanguage\":\"it-IT\",\"potentialAction\":[{\"@type\":\"ReadAction\",\"target\":[\"https:\\\/\\\/locations-06.fr\\\/it\\\/appartamento-con-2-locali-da-letto-in-vendita-zona-cannes-broussailles-e-petit-juas\\\/\"]}]},{\"@type\":\"BreadcrumbList\",\"@id\":\"https:\\\/\\\/locations-06.fr\\\/it\\\/appartamento-con-2-locali-da-letto-in-vendita-zona-cannes-broussailles-e-petit-juas\\\/#breadcrumb\",\"itemListElement\":[{\"@type\":\"ListItem\",\"position\":1,\"name\":\"Accueil\",\"item\":\"https:\\\/\\\/locations-06.fr\\\/it\\\/case-vacanze-cottage-e-appartamenti-in-affitto-sulla-costa-azzurra-vicino-a-nizza-antibes-cannes-e-grasse\\\/\"},{\"@type\":\"ListItem\",\"position\":2,\"name\":\"Appartamento con 2 locali da letto in vendita, zona Cannes-Broussailles e Petit-Juas\"}]},{\"@type\":\"WebSite\",\"@id\":\"https:\\\/\\\/locations-06.fr\\\/it\\\/#website\",\"url\":\"https:\\\/\\\/locations-06.fr\\\/it\\\/\",\"name\":\"Locations-06.fr\",\"description\":\"Locations Gites en France sur la C\u00f4te d&#039;Azur - Appartements et Villas - gite, location de vacances et pas cher\",\"alternateName\":\"Locations-06.fr\",\"potentialAction\":[{\"@type\":\"SearchAction\",\"target\":{\"@type\":\"EntryPoint\",\"urlTemplate\":\"https:\\\/\\\/locations-06.fr\\\/it\\\/?s={search_term_string}\"},\"query-input\":{\"@type\":\"PropertyValueSpecification\",\"valueRequired\":true,\"valueName\":\"search_term_string\"}}],\"inLanguage\":\"it-IT\"}]}<\/script>\n<!-- \/ Yoast SEO plugin. -->","yoast_head_json":{"title":"Acquista un appartamento di 3 locali a Cannes in vendita in una zona tranquilla","description":"Acquistare un appartamento di 3 locali a Cannes, quartiere Broussailles-Petit Juas, vicino a Grasse, Antibes, Valbonne-Sophia Antipolis","robots":{"index":"index","follow":"follow","max-snippet":"max-snippet:-1","max-image-preview":"max-image-preview:large","max-video-preview":"max-video-preview:-1"},"canonical":"https:\/\/locations-06.fr\/it\/appartamento-con-2-locali-da-letto-in-vendita-zona-cannes-broussailles-e-petit-juas\/","og_locale":"it_IT","og_type":"article","og_title":"Acquista un appartamento di 3 locali a Cannes in vendita in una zona tranquilla","og_description":"Acquistare un appartamento di 3 locali a Cannes, quartiere Broussailles-Petit Juas, vicino a Grasse, Antibes, Valbonne-Sophia Antipolis","og_url":"https:\/\/locations-06.fr\/it\/appartamento-con-2-locali-da-letto-in-vendita-zona-cannes-broussailles-e-petit-juas\/","og_site_name":"Locations-06.fr","article_publisher":"https:\/\/www.facebook.com\/pascalecodera0632755107","article_modified_time":"2025-11-11T15:20:33+00:00","og_image":[{"width":375,"height":220,"url":"https:\/\/locations-06.fr\/wp-content\/uploads\/locations-06-vacances-cote-d-azur-gites-appartements-cannes-grasse-antibes1-1.png","type":"image\/png"}],"twitter_card":"summary_large_image","twitter_site":"@locations06","twitter_misc":{"Tempo di lettura stimato":"1 minuto"},"schema":{"@context":"https:\/\/schema.org","@graph":[{"@type":"WebPage","@id":"https:\/\/locations-06.fr\/it\/appartamento-con-2-locali-da-letto-in-vendita-zona-cannes-broussailles-e-petit-juas\/","url":"https:\/\/locations-06.fr\/it\/appartamento-con-2-locali-da-letto-in-vendita-zona-cannes-broussailles-e-petit-juas\/","name":"Acquista un appartamento di 3 locali a Cannes in vendita in una zona tranquilla","isPartOf":{"@id":"https:\/\/locations-06.fr\/it\/#website"},"datePublished":"2025-03-29T15:23:58+00:00","dateModified":"2025-11-11T15:20:33+00:00","description":"Acquistare un appartamento di 3 locali a Cannes, quartiere Broussailles-Petit Juas, vicino a Grasse, Antibes, Valbonne-Sophia Antipolis","breadcrumb":{"@id":"https:\/\/locations-06.fr\/it\/appartamento-con-2-locali-da-letto-in-vendita-zona-cannes-broussailles-e-petit-juas\/#breadcrumb"},"inLanguage":"it-IT","potentialAction":[{"@type":"ReadAction","target":["https:\/\/locations-06.fr\/it\/appartamento-con-2-locali-da-letto-in-vendita-zona-cannes-broussailles-e-petit-juas\/"]}]},{"@type":"BreadcrumbList","@id":"https:\/\/locations-06.fr\/it\/appartamento-con-2-locali-da-letto-in-vendita-zona-cannes-broussailles-e-petit-juas\/#breadcrumb","itemListElement":[{"@type":"ListItem","position":1,"name":"Accueil","item":"https:\/\/locations-06.fr\/it\/case-vacanze-cottage-e-appartamenti-in-affitto-sulla-costa-azzurra-vicino-a-nizza-antibes-cannes-e-grasse\/"},{"@type":"ListItem","position":2,"name":"Appartamento con 2 locali da letto in vendita, zona Cannes-Broussailles e Petit-Juas"}]},{"@type":"WebSite","@id":"https:\/\/locations-06.fr\/it\/#website","url":"https:\/\/locations-06.fr\/it\/","name":"Locations-06.fr","description":"Locations Gites en France sur la C\u00f4te d&#039;Azur - Appartements et Villas - gite, location de vacances et pas cher","alternateName":"Locations-06.fr","potentialAction":[{"@type":"SearchAction","target":{"@type":"EntryPoint","urlTemplate":"https:\/\/locations-06.fr\/it\/?s={search_term_string}"},"query-input":{"@type":"PropertyValueSpecification","valueRequired":true,"valueName":"search_term_string"}}],"inLanguage":"it-IT"}]}},"_links":{"self":[{"href":"https:\/\/locations-06.fr\/it\/wp-json\/wp\/v2\/pages\/19986","targetHints":{"allow":["GET"]}}],"collection":[{"href":"https:\/\/locations-06.fr\/it\/wp-json\/wp\/v2\/pages"}],"about":[{"href":"https:\/\/locations-06.fr\/it\/wp-json\/wp\/v2\/types\/page"}],"author":[{"embeddable":true,"href":"https:\/\/locations-06.fr\/it\/wp-json\/wp\/v2\/users\/2"}],"replies":[{"embeddable":true,"href":"https:\/\/locations-06.fr\/it\/wp-json\/wp\/v2\/comments?post=19986"}],"version-history":[{"count":2,"href":"https:\/\/locations-06.fr\/it\/wp-json\/wp\/v2\/pages\/19986\/revisions"}],"predecessor-version":[{"id":26662,"href":"https:\/\/locations-06.fr\/it\/wp-json\/wp\/v2\/pages\/19986\/revisions\/26662"}],"wp:attachment":[{"href":"https:\/\/locations-06.fr\/it\/wp-json\/wp\/v2\/media?parent=19986"}],"curies":[{"name":"wp","href":"https:\/\/api.w.org\/{rel}","templated":true}]}}