{"id":19493,"date":"2025-03-29T16:23:58","date_gmt":"2025-03-29T15:23:58","guid":{"rendered":"https:\/\/locations-06.fr\/3-zimmer-wohnung-zu-verkaufen-cannes-broussailles-petit-juas\/"},"modified":"2025-11-11T16:09:02","modified_gmt":"2025-11-11T15:09:02","slug":"3-zimmer-wohnung-zu-verkaufen-cannes-broussailles-petit-juas","status":"publish","type":"page","link":"https:\/\/locations-06.fr\/de\/3-zimmer-wohnung-zu-verkaufen-cannes-broussailles-petit-juas\/","title":{"rendered":"3-Zimmer-Wohnung zu verkaufen, Cannes-Broussailles &amp; Petit-Juas"},"content":{"rendered":"\t\t<div data-elementor-type=\"wp-page\" data-elementor-id=\"19493\" class=\"elementor elementor-19493 elementor-19473\">\n\t\t\t\t<div class=\"elementor-element elementor-element-fe18950 e-flex e-con-boxed e-con e-parent\" data-id=\"fe18950\" data-element_type=\"container\" data-e-type=\"container\">\n\t\t\t\t\t<div class=\"e-con-inner\">\n\t\t\t\t<div class=\"elementor-element elementor-element-2616048 elementor-widget elementor-widget-text-editor\" data-id=\"2616048\" data-element_type=\"widget\" data-e-type=\"widget\" data-widget_type=\"text-editor.default\">\n\t\t\t\t<div class=\"elementor-widget-container\">\n\t\t\t\t\t\t\t\t\t<h1>Wohnung F3 zum Verkauf in Cannes, quartier Broussailles &amp;Petit-Juas<\/h1>\t\t\t\t\t\t\t\t<\/div>\n\t\t\t\t<\/div>\n\t\t\t\t\t<\/div>\n\t\t\t\t<\/div>\n\t\t<div class=\"elementor-element elementor-element-a39c660 e-flex e-con-boxed e-con e-parent\" data-id=\"a39c660\" data-element_type=\"container\" data-e-type=\"container\">\n\t\t\t\t\t<div class=\"e-con-inner\">\n\t\t<div class=\"elementor-element elementor-element-c1c0b0f e-con-full e-flex e-con e-child\" data-id=\"c1c0b0f\" data-element_type=\"container\" data-e-type=\"container\">\n\t\t\t\t<div class=\"elementor-element elementor-element-984d5e7 elementor-widget elementor-widget-text-editor\" data-id=\"984d5e7\" data-element_type=\"widget\" data-e-type=\"widget\" data-widget_type=\"text-editor.default\">\n\t\t\t\t<div class=\"elementor-widget-container\">\n\t\t\t\t\t\t\t\t\t<p>Kaufen Sie eine 3-Zimmer-Wohnung in Cannes<\/p>\t\t\t\t\t\t\t\t<\/div>\n\t\t\t\t<\/div>\n\t\t\t\t<div class=\"elementor-element elementor-element-13d9b71 elementor-widget elementor-widget-text-editor\" data-id=\"13d9b71\" data-element_type=\"widget\" data-e-type=\"widget\" data-widget_type=\"text-editor.default\">\n\t\t\t\t<div class=\"elementor-widget-container\">\n\t\t\t\t\t\t\t\t\t<h2>3-Zimmer-Wohnung in Cannes, in der N\u00e4he von Grasse, Antibes und Valbonne-Sophia Antipolis<\/h2><h3>Ideal f\u00fcr den Erstkauf, als Zweitwohnsitz an der C\u00f4te d&#8217;Azur oder als Kapitalanlage.<\/h3><p>Sch\u00f6ne 57 m\u00b2 gro\u00dfe Wohnung im Erdgeschoss einer Residenz.<br>Ostausrichtung, ruhig.<br>Die Wohnung ist vollst\u00e4ndig klimatisiert und verf\u00fcgt \u00fcber eine umschaltbare Inverter-Klimaanlage.<br>2 Schlafzimmer. 1 Badezimmer. 1 Wohnzimmer mit offener K\u00fcche. Gro\u00dfer Balkon.   <\/p><p>300 m zu Fu\u00df von allen Gesch\u00e4ften entfernt.<\/p>\t\t\t\t\t\t\t\t<\/div>\n\t\t\t\t<\/div>\n\t\t\t\t<\/div>\n\t\t<div class=\"elementor-element elementor-element-18ca76e e-con-full e-flex e-con e-child\" data-id=\"18ca76e\" data-element_type=\"container\" data-e-type=\"container\">\n\t\t\t\t<div class=\"elementor-element elementor-element-37069a0 elementor-widget elementor-widget-google_maps\" data-id=\"37069a0\" data-element_type=\"widget\" data-e-type=\"widget\" data-widget_type=\"google_maps.default\">\n\t\t\t\t<div class=\"elementor-widget-container\">\n\t\t\t\t\t\t\t<div class=\"elementor-custom-embed\">\n\t\t\t<iframe loading=\"lazy\"\n\t\t\t\t\tsrc=\"https:\/\/maps.google.com\/maps?q=22%20avenue%20des%20broussailles%2C%20cannes&#038;t=m&#038;z=11&#038;output=embed&#038;iwloc=near\"\n\t\t\t\t\ttitle=\"22 avenue des broussailles, cannes\"\n\t\t\t\t\taria-label=\"22 avenue des broussailles, cannes\"\n\t\t\t><\/iframe>\n\t\t<\/div>\n\t\t\t\t\t\t<\/div>\n\t\t\t\t<\/div>\n\t\t\t\t<div class=\"elementor-element elementor-element-eaf901e elementor-widget elementor-widget-text-editor\" data-id=\"eaf901e\" data-element_type=\"widget\" data-e-type=\"widget\" data-widget_type=\"text-editor.default\">\n\t\t\t\t<div class=\"elementor-widget-container\">\n\t\t\t\t\t\t\t\t\t<p>Kaufen Sie eine 3-Zimmer-Wohnung in Cannes<\/p>\t\t\t\t\t\t\t\t<\/div>\n\t\t\t\t<\/div>\n\t\t\t\t<\/div>\n\t\t\t\t\t<\/div>\n\t\t\t\t<\/div>\n\t\t<div class=\"elementor-element elementor-element-f27f5f3 e-flex e-con-boxed e-con e-parent\" data-id=\"f27f5f3\" data-element_type=\"container\" data-e-type=\"container\">\n\t\t\t\t\t<div class=\"e-con-inner\">\n\t\t\t\t<div class=\"elementor-element elementor-element-39920ed elementor-widget elementor-widget-text-editor\" data-id=\"39920ed\" data-element_type=\"widget\" data-e-type=\"widget\" data-widget_type=\"text-editor.default\">\n\t\t\t\t<div class=\"elementor-widget-container\">\n\t\t\t\t\t\t\t\t\t<p>Die Viertel Broussailles und Petit Juas in Cannes bieten ein attraktives Wohnumfeld, das Wohnruhe mit der N\u00e4he zum Stadtzentrum verbindet.<br><strong>Das Viertel Broussailles<\/strong> genie\u00dft eine privilegierte Lage, nur 2 km vom SNCF-Bahnhof Cannes entfernt, was das Reisen erleichtert. Es gibt eine gute Anbindung an mehrere Buslinien und eine Vielzahl von Unterk\u00fcnften, vom Studio bis zur Luxusvilla. Dar\u00fcber hinaus gibt es in der Gegend mehrere Schulen und das Krankenhaus von Cannes, was sie f\u00fcr Familien attraktiver macht.  <br><strong>Le Petit Juas<\/strong> ist ein ruhiges, urbanes Viertel in unmittelbarer N\u00e4he des Hyperzentrums von Cannes. Es bietet ein angenehmes Wohnumfeld mit charmanten Villen und Gr\u00fcnfl\u00e4chen. Das Gebiet ist gut mit Gesch\u00e4ften, Schulen und Sportanlagen ausgestattet. Dar\u00fcber hinaus zeigen Sanierungsprojekte wie die Schaffung des Mallarm\u00e9-Platzes den Wunsch, das Viertel zu versch\u00f6nern und die Lebensqualit\u00e4t der Bewohner zu verbessern.   <\/p><p>Diese beiden Viertel verbinden die Ruhe des Wohnlebens mit den Vorteilen der N\u00e4he zum Stadtzentrum von Cannes und bieten ein ideales Wohnumfeld f\u00fcr Familien und Investoren.<\/p><ul><li>Autobahn A8 &#8211; Ausfahrt 42 10 Minuten entfernt.<\/li><li>20 Minuten von Mouans-Sartoux, Valbonne und Sophia-Antipolis.<\/li><li>25 Minuten von Grasse &amp; Antibes.<\/li><li>30 Minuten von Nizza-La Plaine<\/li><\/ul><p><strong>Diagnose<\/strong><\/p><p>DPE in Bearbeitung<br>GES in Bearbeitung<br>Carrez 57 m\u00b2<\/p><p>Tel: <a href=\"tel:0493429358\">04.93.42.93.58<\/a> &#8211; <a href=\"tel:0632755107\">06.32.75.51.07<\/a> t\u00e4glich von 8 bis 21 Uhr<br><a href=\"mailto:locations-06@wanadoo.fr\">locations-06@wanadoo.fr<\/a><\/p>\t\t\t\t\t\t\t\t<\/div>\n\t\t\t\t<\/div>\n\t\t\t\t\t<\/div>\n\t\t\t\t<\/div>\n\t\t\t\t<\/div>\n\t\t","protected":false},"excerpt":{"rendered":"<p>Wohnung F3 zum Verkauf in Cannes, quartier Broussailles &amp;Petit-Juas Kaufen Sie eine 3-Zimmer-Wohnung in Cannes 3-Zimmer-Wohnung in Cannes, in der N\u00e4he von Grasse, Antibes und Valbonne-Sophia Antipolis Ideal f\u00fcr den Erstkauf, als Zweitwohnsitz an der C\u00f4te d&#8217;Azur oder als Kapitalanlage. Sch\u00f6ne 57 m\u00b2 gro\u00dfe Wohnung im Erdgeschoss einer Residenz.Ostausrichtung, ruhig.Die Wohnung ist vollst\u00e4ndig klimatisiert und [&hellip;]<\/p>\n","protected":false},"author":2,"featured_media":0,"parent":0,"menu_order":0,"comment_status":"closed","ping_status":"closed","template":"","meta":{"site-sidebar-layout":"no-sidebar","site-content-layout":"","ast-site-content-layout":"full-width-container","site-content-style":"default","site-sidebar-style":"default","ast-global-header-display":"","ast-banner-title-visibility":"","ast-main-header-display":"","ast-hfb-above-header-display":"","ast-hfb-below-header-display":"","ast-hfb-mobile-header-display":"","site-post-title":"disabled","ast-breadcrumbs-content":"","ast-featured-img":"disabled","footer-sml-layout":"","ast-disable-related-posts":"","theme-transparent-header-meta":"","adv-header-id-meta":"","stick-header-meta":"","header-above-stick-meta":"","header-main-stick-meta":"","header-below-stick-meta":"","astra-migrate-meta-layouts":"default","ast-page-background-enabled":"default","ast-page-background-meta":{"desktop":{"background-color":"var(--ast-global-color-4)","background-image":"","background-repeat":"repeat","background-position":"center center","background-size":"auto","background-attachment":"scroll","background-type":"","background-media":"","overlay-type":"","overlay-color":"","overlay-opacity":"","overlay-gradient":""},"tablet":{"background-color":"","background-image":"","background-repeat":"repeat","background-position":"center center","background-size":"auto","background-attachment":"scroll","background-type":"","background-media":"","overlay-type":"","overlay-color":"","overlay-opacity":"","overlay-gradient":""},"mobile":{"background-color":"","background-image":"","background-repeat":"repeat","background-position":"center center","background-size":"auto","background-attachment":"scroll","background-type":"","background-media":"","overlay-type":"","overlay-color":"","overlay-opacity":"","overlay-gradient":""}},"ast-content-background-meta":{"desktop":{"background-color":"var(--ast-global-color-5)","background-image":"","background-repeat":"repeat","background-position":"center center","background-size":"auto","background-attachment":"scroll","background-type":"","background-media":"","overlay-type":"","overlay-color":"","overlay-opacity":"","overlay-gradient":""},"tablet":{"background-color":"var(--ast-global-color-5)","background-image":"","background-repeat":"repeat","background-position":"center center","background-size":"auto","background-attachment":"scroll","background-type":"","background-media":"","overlay-type":"","overlay-color":"","overlay-opacity":"","overlay-gradient":""},"mobile":{"background-color":"var(--ast-global-color-5)","background-image":"","background-repeat":"repeat","background-position":"center center","background-size":"auto","background-attachment":"scroll","background-type":"","background-media":"","overlay-type":"","overlay-color":"","overlay-opacity":"","overlay-gradient":""}},"footnotes":""},"class_list":["post-19493","page","type-page","status-publish","hentry"],"yoast_head":"<!-- This site is optimized with the Yoast SEO plugin v27.3 - https:\/\/yoast.com\/product\/yoast-seo-wordpress\/ -->\n<title>Kaufen Sie eine 3-Zimmer-Wohnung in Cannes zum Verkauf in einer ruhigen Gegend<\/title>\n<meta name=\"description\" content=\"Kaufen Sie eine 3-Zimmer-Wohnung in Cannes, Stadtteil Broussailles-Petit Juas, in der N\u00e4he von Grasse, Antibes, Valbonne-Sophia Antipolis\" \/>\n<meta name=\"robots\" content=\"index, follow, max-snippet:-1, max-image-preview:large, max-video-preview:-1\" \/>\n<link rel=\"canonical\" href=\"https:\/\/locations-06.fr\/de\/3-zimmer-wohnung-zu-verkaufen-cannes-broussailles-petit-juas\/\" \/>\n<meta property=\"og:locale\" content=\"de_DE\" \/>\n<meta property=\"og:type\" content=\"article\" \/>\n<meta property=\"og:title\" content=\"Kaufen Sie eine 3-Zimmer-Wohnung in Cannes zum Verkauf in einer ruhigen Gegend\" \/>\n<meta property=\"og:description\" content=\"Kaufen Sie eine 3-Zimmer-Wohnung in Cannes, Stadtteil Broussailles-Petit Juas, in der N\u00e4he von Grasse, Antibes, Valbonne-Sophia Antipolis\" \/>\n<meta property=\"og:url\" content=\"https:\/\/locations-06.fr\/de\/3-zimmer-wohnung-zu-verkaufen-cannes-broussailles-petit-juas\/\" \/>\n<meta property=\"og:site_name\" content=\"Locations-06.fr\" \/>\n<meta property=\"article:publisher\" content=\"https:\/\/www.facebook.com\/pascalecodera0632755107\" \/>\n<meta property=\"article:modified_time\" content=\"2025-11-11T15:09:02+00:00\" \/>\n<meta property=\"og:image\" content=\"https:\/\/locations-06.fr\/wp-content\/uploads\/locations-06-vacances-cote-d-azur-gites-appartements-cannes-grasse-antibes1-1.png\" \/>\n\t<meta property=\"og:image:width\" content=\"375\" \/>\n\t<meta property=\"og:image:height\" content=\"220\" \/>\n\t<meta property=\"og:image:type\" content=\"image\/png\" \/>\n<meta name=\"twitter:card\" content=\"summary_large_image\" \/>\n<meta name=\"twitter:site\" content=\"@locations06\" \/>\n<meta name=\"twitter:label1\" content=\"Gesch\u00e4tzte Lesezeit\" \/>\n\t<meta name=\"twitter:data1\" content=\"1\u00a0Minute\" \/>\n<script type=\"application\/ld+json\" class=\"yoast-schema-graph\">{\"@context\":\"https:\\\/\\\/schema.org\",\"@graph\":[{\"@type\":\"WebPage\",\"@id\":\"https:\\\/\\\/locations-06.fr\\\/de\\\/3-zimmer-wohnung-zu-verkaufen-cannes-broussailles-petit-juas\\\/\",\"url\":\"https:\\\/\\\/locations-06.fr\\\/de\\\/3-zimmer-wohnung-zu-verkaufen-cannes-broussailles-petit-juas\\\/\",\"name\":\"Kaufen Sie eine 3-Zimmer-Wohnung in Cannes zum Verkauf in einer ruhigen Gegend\",\"isPartOf\":{\"@id\":\"https:\\\/\\\/locations-06.fr\\\/de\\\/#website\"},\"datePublished\":\"2025-03-29T15:23:58+00:00\",\"dateModified\":\"2025-11-11T15:09:02+00:00\",\"description\":\"Kaufen Sie eine 3-Zimmer-Wohnung in Cannes, Stadtteil Broussailles-Petit Juas, in der N\u00e4he von Grasse, Antibes, Valbonne-Sophia Antipolis\",\"breadcrumb\":{\"@id\":\"https:\\\/\\\/locations-06.fr\\\/de\\\/3-zimmer-wohnung-zu-verkaufen-cannes-broussailles-petit-juas\\\/#breadcrumb\"},\"inLanguage\":\"de\",\"potentialAction\":[{\"@type\":\"ReadAction\",\"target\":[\"https:\\\/\\\/locations-06.fr\\\/de\\\/3-zimmer-wohnung-zu-verkaufen-cannes-broussailles-petit-juas\\\/\"]}]},{\"@type\":\"BreadcrumbList\",\"@id\":\"https:\\\/\\\/locations-06.fr\\\/de\\\/3-zimmer-wohnung-zu-verkaufen-cannes-broussailles-petit-juas\\\/#breadcrumb\",\"itemListElement\":[{\"@type\":\"ListItem\",\"position\":1,\"name\":\"Accueil\",\"item\":\"https:\\\/\\\/locations-06.fr\\\/de\\\/ferienwohnungen-ferienhauser-und-apartments-an-der-franzosischen-riviera-in-der-nahe-von-nizza-antibes-cannes-und-grasse\\\/\"},{\"@type\":\"ListItem\",\"position\":2,\"name\":\"3-Zimmer-Wohnung zu verkaufen, Cannes-Broussailles &amp; Petit-Juas\"}]},{\"@type\":\"WebSite\",\"@id\":\"https:\\\/\\\/locations-06.fr\\\/de\\\/#website\",\"url\":\"https:\\\/\\\/locations-06.fr\\\/de\\\/\",\"name\":\"Locations-06.fr\",\"description\":\"Locations Gites en France sur la C\u00f4te d&#039;Azur - Appartements et Villas - gite, location de vacances et pas cher\",\"publisher\":{\"@id\":\"https:\\\/\\\/locations-06.fr\\\/de\\\/#organization\"},\"alternateName\":\"Locations-06.fr\",\"potentialAction\":[{\"@type\":\"SearchAction\",\"target\":{\"@type\":\"EntryPoint\",\"urlTemplate\":\"https:\\\/\\\/locations-06.fr\\\/de\\\/?s={search_term_string}\"},\"query-input\":{\"@type\":\"PropertyValueSpecification\",\"valueRequired\":true,\"valueName\":\"search_term_string\"}}],\"inLanguage\":\"de\"},{\"@type\":\"Organization\",\"@id\":\"https:\\\/\\\/locations-06.fr\\\/de\\\/#organization\",\"name\":\"Locations-06.fr\",\"alternateName\":\"Locations-06.fr\",\"url\":\"https:\\\/\\\/locations-06.fr\\\/de\\\/\",\"logo\":{\"@type\":\"ImageObject\",\"inLanguage\":\"de\",\"@id\":\"https:\\\/\\\/locations-06.fr\\\/de\\\/#\\\/schema\\\/logo\\\/image\\\/\",\"url\":\"https:\\\/\\\/locations-06.fr\\\/wp-content\\\/uploads\\\/location-06-logo.png\",\"contentUrl\":\"https:\\\/\\\/locations-06.fr\\\/wp-content\\\/uploads\\\/location-06-logo.png\",\"width\":180,\"height\":105,\"caption\":\"Locations-06.fr\"},\"image\":{\"@id\":\"https:\\\/\\\/locations-06.fr\\\/de\\\/#\\\/schema\\\/logo\\\/image\\\/\"},\"sameAs\":[\"https:\\\/\\\/www.facebook.com\\\/pascalecodera0632755107\",\"https:\\\/\\\/x.com\\\/locations06\",\"https:\\\/\\\/www.instagram.com\\\/locations_06\\\/?hl=fr\"]}]}<\/script>\n<!-- \/ Yoast SEO plugin. -->","yoast_head_json":{"title":"Kaufen Sie eine 3-Zimmer-Wohnung in Cannes zum Verkauf in einer ruhigen Gegend","description":"Kaufen Sie eine 3-Zimmer-Wohnung in Cannes, Stadtteil Broussailles-Petit Juas, in der N\u00e4he von Grasse, Antibes, Valbonne-Sophia Antipolis","robots":{"index":"index","follow":"follow","max-snippet":"max-snippet:-1","max-image-preview":"max-image-preview:large","max-video-preview":"max-video-preview:-1"},"canonical":"https:\/\/locations-06.fr\/de\/3-zimmer-wohnung-zu-verkaufen-cannes-broussailles-petit-juas\/","og_locale":"de_DE","og_type":"article","og_title":"Kaufen Sie eine 3-Zimmer-Wohnung in Cannes zum Verkauf in einer ruhigen Gegend","og_description":"Kaufen Sie eine 3-Zimmer-Wohnung in Cannes, Stadtteil Broussailles-Petit Juas, in der N\u00e4he von Grasse, Antibes, Valbonne-Sophia Antipolis","og_url":"https:\/\/locations-06.fr\/de\/3-zimmer-wohnung-zu-verkaufen-cannes-broussailles-petit-juas\/","og_site_name":"Locations-06.fr","article_publisher":"https:\/\/www.facebook.com\/pascalecodera0632755107","article_modified_time":"2025-11-11T15:09:02+00:00","og_image":[{"width":375,"height":220,"url":"https:\/\/locations-06.fr\/wp-content\/uploads\/locations-06-vacances-cote-d-azur-gites-appartements-cannes-grasse-antibes1-1.png","type":"image\/png"}],"twitter_card":"summary_large_image","twitter_site":"@locations06","twitter_misc":{"Gesch\u00e4tzte Lesezeit":"1\u00a0Minute"},"schema":{"@context":"https:\/\/schema.org","@graph":[{"@type":"WebPage","@id":"https:\/\/locations-06.fr\/de\/3-zimmer-wohnung-zu-verkaufen-cannes-broussailles-petit-juas\/","url":"https:\/\/locations-06.fr\/de\/3-zimmer-wohnung-zu-verkaufen-cannes-broussailles-petit-juas\/","name":"Kaufen Sie eine 3-Zimmer-Wohnung in Cannes zum Verkauf in einer ruhigen Gegend","isPartOf":{"@id":"https:\/\/locations-06.fr\/de\/#website"},"datePublished":"2025-03-29T15:23:58+00:00","dateModified":"2025-11-11T15:09:02+00:00","description":"Kaufen Sie eine 3-Zimmer-Wohnung in Cannes, Stadtteil Broussailles-Petit Juas, in der N\u00e4he von Grasse, Antibes, Valbonne-Sophia Antipolis","breadcrumb":{"@id":"https:\/\/locations-06.fr\/de\/3-zimmer-wohnung-zu-verkaufen-cannes-broussailles-petit-juas\/#breadcrumb"},"inLanguage":"de","potentialAction":[{"@type":"ReadAction","target":["https:\/\/locations-06.fr\/de\/3-zimmer-wohnung-zu-verkaufen-cannes-broussailles-petit-juas\/"]}]},{"@type":"BreadcrumbList","@id":"https:\/\/locations-06.fr\/de\/3-zimmer-wohnung-zu-verkaufen-cannes-broussailles-petit-juas\/#breadcrumb","itemListElement":[{"@type":"ListItem","position":1,"name":"Accueil","item":"https:\/\/locations-06.fr\/de\/ferienwohnungen-ferienhauser-und-apartments-an-der-franzosischen-riviera-in-der-nahe-von-nizza-antibes-cannes-und-grasse\/"},{"@type":"ListItem","position":2,"name":"3-Zimmer-Wohnung zu verkaufen, Cannes-Broussailles &amp; Petit-Juas"}]},{"@type":"WebSite","@id":"https:\/\/locations-06.fr\/de\/#website","url":"https:\/\/locations-06.fr\/de\/","name":"Locations-06.fr","description":"Locations Gites en France sur la C\u00f4te d&#039;Azur - Appartements et Villas - gite, location de vacances et pas cher","publisher":{"@id":"https:\/\/locations-06.fr\/de\/#organization"},"alternateName":"Locations-06.fr","potentialAction":[{"@type":"SearchAction","target":{"@type":"EntryPoint","urlTemplate":"https:\/\/locations-06.fr\/de\/?s={search_term_string}"},"query-input":{"@type":"PropertyValueSpecification","valueRequired":true,"valueName":"search_term_string"}}],"inLanguage":"de"},{"@type":"Organization","@id":"https:\/\/locations-06.fr\/de\/#organization","name":"Locations-06.fr","alternateName":"Locations-06.fr","url":"https:\/\/locations-06.fr\/de\/","logo":{"@type":"ImageObject","inLanguage":"de","@id":"https:\/\/locations-06.fr\/de\/#\/schema\/logo\/image\/","url":"https:\/\/locations-06.fr\/wp-content\/uploads\/location-06-logo.png","contentUrl":"https:\/\/locations-06.fr\/wp-content\/uploads\/location-06-logo.png","width":180,"height":105,"caption":"Locations-06.fr"},"image":{"@id":"https:\/\/locations-06.fr\/de\/#\/schema\/logo\/image\/"},"sameAs":["https:\/\/www.facebook.com\/pascalecodera0632755107","https:\/\/x.com\/locations06","https:\/\/www.instagram.com\/locations_06\/?hl=fr"]}]}},"_links":{"self":[{"href":"https:\/\/locations-06.fr\/de\/wp-json\/wp\/v2\/pages\/19493","targetHints":{"allow":["GET"]}}],"collection":[{"href":"https:\/\/locations-06.fr\/de\/wp-json\/wp\/v2\/pages"}],"about":[{"href":"https:\/\/locations-06.fr\/de\/wp-json\/wp\/v2\/types\/page"}],"author":[{"embeddable":true,"href":"https:\/\/locations-06.fr\/de\/wp-json\/wp\/v2\/users\/2"}],"replies":[{"embeddable":true,"href":"https:\/\/locations-06.fr\/de\/wp-json\/wp\/v2\/comments?post=19493"}],"version-history":[{"count":2,"href":"https:\/\/locations-06.fr\/de\/wp-json\/wp\/v2\/pages\/19493\/revisions"}],"predecessor-version":[{"id":26659,"href":"https:\/\/locations-06.fr\/de\/wp-json\/wp\/v2\/pages\/19493\/revisions\/26659"}],"wp:attachment":[{"href":"https:\/\/locations-06.fr\/de\/wp-json\/wp\/v2\/media?parent=19493"}],"curies":[{"name":"wp","href":"https:\/\/api.w.org\/{rel}","templated":true}]}}