{"id":13215,"date":"2023-12-29T13:48:12","date_gmt":"2023-12-29T12:48:12","guid":{"rendered":"https:\/\/locations-06.fr\/rechtliche-hinweise\/"},"modified":"2024-10-03T13:53:05","modified_gmt":"2024-10-03T11:53:05","slug":"rechtliche-hinweise","status":"publish","type":"page","link":"https:\/\/locations-06.fr\/de\/rechtliche-hinweise\/","title":{"rendered":"Rechtliche Hinweise."},"content":{"rendered":"\t\t<div data-elementor-type=\"wp-page\" data-elementor-id=\"13215\" class=\"elementor elementor-13215 elementor-59\">\n\t\t\t\t<div class=\"elementor-element elementor-element-f6b9264 e-flex e-con-boxed e-con e-parent\" data-id=\"f6b9264\" data-element_type=\"container\" data-e-type=\"container\">\n\t\t\t\t\t<div class=\"e-con-inner\">\n\t\t\t\t<div class=\"elementor-element elementor-element-2737699 elementor-widget elementor-widget-heading\" data-id=\"2737699\" data-element_type=\"widget\" data-e-type=\"widget\" data-widget_type=\"heading.default\">\n\t\t\t\t<div class=\"elementor-widget-container\">\n\t\t\t\t\t<h1 class=\"elementor-heading-title elementor-size-default\">Rechtliche Hinweise.<\/h1>\t\t\t\t<\/div>\n\t\t\t\t<\/div>\n\t\t\t\t\t<\/div>\n\t\t\t\t<\/div>\n\t\t<div class=\"elementor-element elementor-element-a3c259c e-flex e-con-boxed e-con e-parent\" data-id=\"a3c259c\" data-element_type=\"container\" data-e-type=\"container\">\n\t\t\t\t\t<div class=\"e-con-inner\">\n\t\t\t\t<div class=\"elementor-element elementor-element-8a24a9d elementor-widget elementor-widget-text-editor\" data-id=\"8a24a9d\" data-element_type=\"widget\" data-e-type=\"widget\" data-widget_type=\"text-editor.default\">\n\t\t\t\t<div class=\"elementor-widget-container\">\n\t\t\t\t\t\t\t\t\t<p>Rechtliche Hinweise<\/p>\t\t\t\t\t\t\t\t<\/div>\n\t\t\t\t<\/div>\n\t\t\t\t\t<\/div>\n\t\t\t\t<\/div>\n\t\t<div class=\"elementor-element elementor-element-f941534 e-flex e-con-boxed e-con e-parent\" data-id=\"f941534\" data-element_type=\"container\" data-e-type=\"container\">\n\t\t\t\t\t<div class=\"e-con-inner\">\n\t\t\t\t<div class=\"elementor-element elementor-element-cdd3bda elementor-widget elementor-widget-text-editor\" data-id=\"cdd3bda\" data-element_type=\"widget\" data-e-type=\"widget\" data-widget_type=\"text-editor.default\">\n\t\t\t\t<div class=\"elementor-widget-container\">\n\t\t\t\t\t\t\t\t\t<strong>Die Website Locations-06.fr ist Eigentum von Thierry und Pascale Codera<\/strong>.\n\n<span style=\"font-size: 16px;\">Hauptsitz: 614, chemin de Saint Jean 06620 Le Bar sur Loup \u2013 Frankreich.<br\/> Leiter der Ver\u00f6ffentlichung: Thierry Codera. <br\/>Kundendienst:locations-06@wanadoo.fr <\/span><br\/><strong style=\"font-size: 16px;\">Telefon<\/strong><span style=\"font-size: 16px;\">: +33 (0)4 93 42 93 58 <\/span><br\/><strong style=\"font-size: 16px;\">GSM<\/strong><span style=\"font-size: 16px;\">: +33 (0)6 32 75 51 07<br\/><br\/> Die Website wird von der Firma Ionos gehostet 7, Place de la Gare, BP 70109, 57200 Sarreguemines Cedex <br\/>Der Webmaster ist Cnathalie<br\/> Mail: <\/span><a style=\"font-size: 16px; background-color: #ffffff;\" href=\"mailto:1901@cnathalie.com\"><strong>1901@cnathalie.com<\/strong><\/a><br\/><span style=\"font-size: 16px;\"> Webseite : <\/span><a style=\"font-size: 16px; background-color: #ffffff;\" href=\"https:\/\/cnathalie.com\"><strong>https:\/\/cnathalie.com<\/strong><\/a><br\/><br\/>\n\n<strong>Pers\u00f6nliche Daten und Recht auf Berichtigung<\/strong> Gem\u00e4\u00df dem Gesetz Nr. 78-17 vom 6. Januar 1978, bekannt als Datenschutz- und Freiheitsgesetz, haben Sie das Recht auf Zugang, \u00c4nderung, Berichtigung und L\u00f6schung aller Sie betreffenden Informationen, indem Sie sich an: Thierry CODERA 614, chemin de Saint wenden Jean 06620 Le Bar sur Loup Gem\u00e4\u00df dem Gesetz \u00fcber geistiges Eigentum sind alle redaktionellen Inhalte und Abbildungen auf dieser Website durch franz\u00f6sische Gesetzgebung und internationale Vertr\u00e4ge gesch\u00fctzt. Sie d\u00fcrfen ohne die ausdr\u00fcckliche Genehmigung des Seiteninhabers nicht kopiert werden. Die Weiterverwendung redaktioneller Inhalte, Grafiken und Bilder der Website f\u00fcr welchen Zweck auch immer ist strengstens untersagt. Die Verbreitung der auf dieser Website enthaltenen Informationen ist jedoch f\u00fcr nichtkommerzielle Zwecke m\u00f6glich, jedoch nur mit Zustimmung des Eigent\u00fcmers der Website und unter der Bedingung, dass diese nicht ge\u00e4ndert wird. Diese Vervielf\u00e4ltigungsgenehmigungen werden im Einzelfall erteilt. Bitte senden Sie Ihre Anfragen an <a href=\"mailto:locations-06@wanadoo.fr\">locations-06@wanadoo.fr<\/a>.\t\t\t\t\t\t\t\t<\/div>\n\t\t\t\t<\/div>\n\t\t\t\t\t<\/div>\n\t\t\t\t<\/div>\n\t\t<div class=\"elementor-element elementor-element-f30ae1c e-flex e-con-boxed e-con e-parent\" data-id=\"f30ae1c\" data-element_type=\"container\" data-e-type=\"container\">\n\t\t\t\t\t<div class=\"e-con-inner\">\n\t\t\t\t<div class=\"elementor-element elementor-element-01aaeb1 elementor-widget elementor-widget-image\" data-id=\"01aaeb1\" data-element_type=\"widget\" data-e-type=\"widget\" data-widget_type=\"image.default\">\n\t\t\t\t<div class=\"elementor-widget-container\">\n\t\t\t\t\t\t\t\t\t\t\t\t\t\t\t<img fetchpriority=\"high\" decoding=\"async\" width=\"375\" height=\"220\" src=\"https:\/\/locations-06.fr\/wp-content\/uploads\/locations-06-vacances-cote-d-azur-gites-appartements-cannes-grasse-antibes1.png\" class=\"attachment-large size-large wp-image-7305\" alt=\"\" srcset=\"https:\/\/locations-06.fr\/wp-content\/uploads\/locations-06-vacances-cote-d-azur-gites-appartements-cannes-grasse-antibes1.png 375w, https:\/\/locations-06.fr\/wp-content\/uploads\/locations-06-vacances-cote-d-azur-gites-appartements-cannes-grasse-antibes1-300x176.png 300w\" sizes=\"(max-width: 375px) 100vw, 375px\" \/>\t\t\t\t\t\t\t\t\t\t\t\t\t\t\t<\/div>\n\t\t\t\t<\/div>\n\t\t\t\t\t<\/div>\n\t\t\t\t<\/div>\n\t\t\t\t<\/div>\n\t\t","protected":false},"excerpt":{"rendered":"<p>Rechtliche Hinweise. Rechtliche Hinweise Die Website Locations-06.fr ist Eigentum von Thierry und Pascale Codera. Hauptsitz: 614, chemin de Saint Jean 06620 Le Bar sur Loup \u2013 Frankreich. Leiter der Ver\u00f6ffentlichung: Thierry Codera. Kundendienst:locations-06@wanadoo.fr Telefon: +33 (0)4 93 42 93 58 GSM: +33 (0)6 32 75 51 07 Die Website wird von der Firma Ionos gehostet [&hellip;]<\/p>\n","protected":false},"author":2,"featured_media":7305,"parent":0,"menu_order":0,"comment_status":"closed","ping_status":"closed","template":"","meta":{"site-sidebar-layout":"no-sidebar","site-content-layout":"","ast-site-content-layout":"full-width-container","site-content-style":"default","site-sidebar-style":"default","ast-global-header-display":"","ast-banner-title-visibility":"","ast-main-header-display":"","ast-hfb-above-header-display":"","ast-hfb-below-header-display":"","ast-hfb-mobile-header-display":"","site-post-title":"disabled","ast-breadcrumbs-content":"","ast-featured-img":"disabled","footer-sml-layout":"","ast-disable-related-posts":"","theme-transparent-header-meta":"","adv-header-id-meta":"","stick-header-meta":"","header-above-stick-meta":"","header-main-stick-meta":"","header-below-stick-meta":"","astra-migrate-meta-layouts":"default","ast-page-background-enabled":"default","ast-page-background-meta":{"desktop":{"background-color":"var(--ast-global-color-4)","background-image":"","background-repeat":"repeat","background-position":"center center","background-size":"auto","background-attachment":"scroll","background-type":"","background-media":"","overlay-type":"","overlay-color":"","overlay-opacity":"","overlay-gradient":""},"tablet":{"background-color":"","background-image":"","background-repeat":"repeat","background-position":"center center","background-size":"auto","background-attachment":"scroll","background-type":"","background-media":"","overlay-type":"","overlay-color":"","overlay-opacity":"","overlay-gradient":""},"mobile":{"background-color":"","background-image":"","background-repeat":"repeat","background-position":"center center","background-size":"auto","background-attachment":"scroll","background-type":"","background-media":"","overlay-type":"","overlay-color":"","overlay-opacity":"","overlay-gradient":""}},"ast-content-background-meta":{"desktop":{"background-color":"var(--ast-global-color-5)","background-image":"","background-repeat":"repeat","background-position":"center center","background-size":"auto","background-attachment":"scroll","background-type":"","background-media":"","overlay-type":"","overlay-color":"","overlay-opacity":"","overlay-gradient":""},"tablet":{"background-color":"var(--ast-global-color-5)","background-image":"","background-repeat":"repeat","background-position":"center center","background-size":"auto","background-attachment":"scroll","background-type":"","background-media":"","overlay-type":"","overlay-color":"","overlay-opacity":"","overlay-gradient":""},"mobile":{"background-color":"var(--ast-global-color-5)","background-image":"","background-repeat":"repeat","background-position":"center center","background-size":"auto","background-attachment":"scroll","background-type":"","background-media":"","overlay-type":"","overlay-color":"","overlay-opacity":"","overlay-gradient":""}},"footnotes":""},"class_list":["post-13215","page","type-page","status-publish","has-post-thumbnail","hentry"],"yoast_head":"<!-- This site is optimized with the Yoast SEO plugin v27.3 - https:\/\/yoast.com\/product\/yoast-seo-wordpress\/ -->\n<title>Rechtliche Hinweise Diese Website ist Eigentum von Codera<\/title>\n<meta name=\"description\" content=\"Rechtliche Hinweise Die Website Locations-06.fr ist Eigentum von Thierry und Pascale Codera. 06620 Le Bar sur Loup \u2013 France\" \/>\n<meta name=\"robots\" content=\"index, follow, max-snippet:-1, max-image-preview:large, max-video-preview:-1\" \/>\n<link rel=\"canonical\" href=\"https:\/\/locations-06.fr\/de\/rechtliche-hinweise\/\" \/>\n<meta property=\"og:locale\" content=\"de_DE\" \/>\n<meta property=\"og:type\" content=\"article\" \/>\n<meta property=\"og:title\" content=\"Rechtliche Hinweise Diese Website ist Eigentum von Codera\" \/>\n<meta property=\"og:description\" content=\"Rechtliche Hinweise Die Website Locations-06.fr ist Eigentum von Thierry und Pascale Codera. 06620 Le Bar sur Loup \u2013 France\" \/>\n<meta property=\"og:url\" content=\"https:\/\/locations-06.fr\/de\/rechtliche-hinweise\/\" \/>\n<meta property=\"og:site_name\" content=\"Locations-06.fr\" \/>\n<meta property=\"article:publisher\" content=\"https:\/\/www.facebook.com\/pascalecodera0632755107\" \/>\n<meta property=\"article:modified_time\" content=\"2024-10-03T11:53:05+00:00\" \/>\n<meta property=\"og:image\" content=\"https:\/\/locations-06.fr\/wp-content\/uploads\/locations-06-vacances-cote-d-azur-gites-appartements-cannes-grasse-antibes1.png\" \/>\n\t<meta property=\"og:image:width\" content=\"375\" \/>\n\t<meta property=\"og:image:height\" content=\"220\" \/>\n\t<meta property=\"og:image:type\" content=\"image\/png\" \/>\n<meta name=\"twitter:card\" content=\"summary_large_image\" \/>\n<meta name=\"twitter:site\" content=\"@locations06\" \/>\n<meta name=\"twitter:label1\" content=\"Gesch\u00e4tzte Lesezeit\" \/>\n\t<meta name=\"twitter:data1\" content=\"2\u00a0Minuten\" \/>\n<script type=\"application\/ld+json\" class=\"yoast-schema-graph\">{\"@context\":\"https:\\\/\\\/schema.org\",\"@graph\":[{\"@type\":\"WebPage\",\"@id\":\"https:\\\/\\\/locations-06.fr\\\/de\\\/rechtliche-hinweise\\\/\",\"url\":\"https:\\\/\\\/locations-06.fr\\\/de\\\/rechtliche-hinweise\\\/\",\"name\":\"Rechtliche Hinweise Diese Website ist Eigentum von Codera\",\"isPartOf\":{\"@id\":\"https:\\\/\\\/locations-06.fr\\\/de\\\/#website\"},\"primaryImageOfPage\":{\"@id\":\"https:\\\/\\\/locations-06.fr\\\/de\\\/rechtliche-hinweise\\\/#primaryimage\"},\"image\":{\"@id\":\"https:\\\/\\\/locations-06.fr\\\/de\\\/rechtliche-hinweise\\\/#primaryimage\"},\"thumbnailUrl\":\"https:\\\/\\\/locations-06.fr\\\/wp-content\\\/uploads\\\/locations-06-vacances-cote-d-azur-gites-appartements-cannes-grasse-antibes1.png\",\"datePublished\":\"2023-12-29T12:48:12+00:00\",\"dateModified\":\"2024-10-03T11:53:05+00:00\",\"description\":\"Rechtliche Hinweise Die Website Locations-06.fr ist Eigentum von Thierry und Pascale Codera. 06620 Le Bar sur Loup \u2013 France\",\"breadcrumb\":{\"@id\":\"https:\\\/\\\/locations-06.fr\\\/de\\\/rechtliche-hinweise\\\/#breadcrumb\"},\"inLanguage\":\"de\",\"potentialAction\":[{\"@type\":\"ReadAction\",\"target\":[\"https:\\\/\\\/locations-06.fr\\\/de\\\/rechtliche-hinweise\\\/\"]}]},{\"@type\":\"ImageObject\",\"inLanguage\":\"de\",\"@id\":\"https:\\\/\\\/locations-06.fr\\\/de\\\/rechtliche-hinweise\\\/#primaryimage\",\"url\":\"https:\\\/\\\/locations-06.fr\\\/wp-content\\\/uploads\\\/locations-06-vacances-cote-d-azur-gites-appartements-cannes-grasse-antibes1.png\",\"contentUrl\":\"https:\\\/\\\/locations-06.fr\\\/wp-content\\\/uploads\\\/locations-06-vacances-cote-d-azur-gites-appartements-cannes-grasse-antibes1.png\",\"width\":375,\"height\":220},{\"@type\":\"BreadcrumbList\",\"@id\":\"https:\\\/\\\/locations-06.fr\\\/de\\\/rechtliche-hinweise\\\/#breadcrumb\",\"itemListElement\":[{\"@type\":\"ListItem\",\"position\":1,\"name\":\"Accueil\",\"item\":\"https:\\\/\\\/locations-06.fr\\\/de\\\/ferienwohnungen-ferienhauser-und-apartments-an-der-franzosischen-riviera-in-der-nahe-von-nizza-antibes-cannes-und-grasse\\\/\"},{\"@type\":\"ListItem\",\"position\":2,\"name\":\"Rechtliche Hinweise.\"}]},{\"@type\":\"WebSite\",\"@id\":\"https:\\\/\\\/locations-06.fr\\\/de\\\/#website\",\"url\":\"https:\\\/\\\/locations-06.fr\\\/de\\\/\",\"name\":\"Locations-06.fr\",\"description\":\"Locations Gites en France sur la C\u00f4te d&#039;Azur - Appartements et Villas - gite, location de vacances et pas cher\",\"publisher\":{\"@id\":\"https:\\\/\\\/locations-06.fr\\\/de\\\/#organization\"},\"alternateName\":\"Locations-06.fr\",\"potentialAction\":[{\"@type\":\"SearchAction\",\"target\":{\"@type\":\"EntryPoint\",\"urlTemplate\":\"https:\\\/\\\/locations-06.fr\\\/de\\\/?s={search_term_string}\"},\"query-input\":{\"@type\":\"PropertyValueSpecification\",\"valueRequired\":true,\"valueName\":\"search_term_string\"}}],\"inLanguage\":\"de\"},{\"@type\":\"Organization\",\"@id\":\"https:\\\/\\\/locations-06.fr\\\/de\\\/#organization\",\"name\":\"Locations-06.fr\",\"alternateName\":\"Locations-06.fr\",\"url\":\"https:\\\/\\\/locations-06.fr\\\/de\\\/\",\"logo\":{\"@type\":\"ImageObject\",\"inLanguage\":\"de\",\"@id\":\"https:\\\/\\\/locations-06.fr\\\/de\\\/#\\\/schema\\\/logo\\\/image\\\/\",\"url\":\"https:\\\/\\\/locations-06.fr\\\/wp-content\\\/uploads\\\/location-06-logo.png\",\"contentUrl\":\"https:\\\/\\\/locations-06.fr\\\/wp-content\\\/uploads\\\/location-06-logo.png\",\"width\":180,\"height\":105,\"caption\":\"Locations-06.fr\"},\"image\":{\"@id\":\"https:\\\/\\\/locations-06.fr\\\/de\\\/#\\\/schema\\\/logo\\\/image\\\/\"},\"sameAs\":[\"https:\\\/\\\/www.facebook.com\\\/pascalecodera0632755107\",\"https:\\\/\\\/x.com\\\/locations06\",\"https:\\\/\\\/www.instagram.com\\\/locations_06\\\/?hl=fr\"]}]}<\/script>\n<!-- \/ Yoast SEO plugin. -->","yoast_head_json":{"title":"Rechtliche Hinweise Diese Website ist Eigentum von Codera","description":"Rechtliche Hinweise Die Website Locations-06.fr ist Eigentum von Thierry und Pascale Codera. 06620 Le Bar sur Loup \u2013 France","robots":{"index":"index","follow":"follow","max-snippet":"max-snippet:-1","max-image-preview":"max-image-preview:large","max-video-preview":"max-video-preview:-1"},"canonical":"https:\/\/locations-06.fr\/de\/rechtliche-hinweise\/","og_locale":"de_DE","og_type":"article","og_title":"Rechtliche Hinweise Diese Website ist Eigentum von Codera","og_description":"Rechtliche Hinweise Die Website Locations-06.fr ist Eigentum von Thierry und Pascale Codera. 06620 Le Bar sur Loup \u2013 France","og_url":"https:\/\/locations-06.fr\/de\/rechtliche-hinweise\/","og_site_name":"Locations-06.fr","article_publisher":"https:\/\/www.facebook.com\/pascalecodera0632755107","article_modified_time":"2024-10-03T11:53:05+00:00","og_image":[{"width":375,"height":220,"url":"https:\/\/locations-06.fr\/wp-content\/uploads\/locations-06-vacances-cote-d-azur-gites-appartements-cannes-grasse-antibes1.png","type":"image\/png"}],"twitter_card":"summary_large_image","twitter_site":"@locations06","twitter_misc":{"Gesch\u00e4tzte Lesezeit":"2\u00a0Minuten"},"schema":{"@context":"https:\/\/schema.org","@graph":[{"@type":"WebPage","@id":"https:\/\/locations-06.fr\/de\/rechtliche-hinweise\/","url":"https:\/\/locations-06.fr\/de\/rechtliche-hinweise\/","name":"Rechtliche Hinweise Diese Website ist Eigentum von Codera","isPartOf":{"@id":"https:\/\/locations-06.fr\/de\/#website"},"primaryImageOfPage":{"@id":"https:\/\/locations-06.fr\/de\/rechtliche-hinweise\/#primaryimage"},"image":{"@id":"https:\/\/locations-06.fr\/de\/rechtliche-hinweise\/#primaryimage"},"thumbnailUrl":"https:\/\/locations-06.fr\/wp-content\/uploads\/locations-06-vacances-cote-d-azur-gites-appartements-cannes-grasse-antibes1.png","datePublished":"2023-12-29T12:48:12+00:00","dateModified":"2024-10-03T11:53:05+00:00","description":"Rechtliche Hinweise Die Website Locations-06.fr ist Eigentum von Thierry und Pascale Codera. 06620 Le Bar sur Loup \u2013 France","breadcrumb":{"@id":"https:\/\/locations-06.fr\/de\/rechtliche-hinweise\/#breadcrumb"},"inLanguage":"de","potentialAction":[{"@type":"ReadAction","target":["https:\/\/locations-06.fr\/de\/rechtliche-hinweise\/"]}]},{"@type":"ImageObject","inLanguage":"de","@id":"https:\/\/locations-06.fr\/de\/rechtliche-hinweise\/#primaryimage","url":"https:\/\/locations-06.fr\/wp-content\/uploads\/locations-06-vacances-cote-d-azur-gites-appartements-cannes-grasse-antibes1.png","contentUrl":"https:\/\/locations-06.fr\/wp-content\/uploads\/locations-06-vacances-cote-d-azur-gites-appartements-cannes-grasse-antibes1.png","width":375,"height":220},{"@type":"BreadcrumbList","@id":"https:\/\/locations-06.fr\/de\/rechtliche-hinweise\/#breadcrumb","itemListElement":[{"@type":"ListItem","position":1,"name":"Accueil","item":"https:\/\/locations-06.fr\/de\/ferienwohnungen-ferienhauser-und-apartments-an-der-franzosischen-riviera-in-der-nahe-von-nizza-antibes-cannes-und-grasse\/"},{"@type":"ListItem","position":2,"name":"Rechtliche Hinweise."}]},{"@type":"WebSite","@id":"https:\/\/locations-06.fr\/de\/#website","url":"https:\/\/locations-06.fr\/de\/","name":"Locations-06.fr","description":"Locations Gites en France sur la C\u00f4te d&#039;Azur - Appartements et Villas - gite, location de vacances et pas cher","publisher":{"@id":"https:\/\/locations-06.fr\/de\/#organization"},"alternateName":"Locations-06.fr","potentialAction":[{"@type":"SearchAction","target":{"@type":"EntryPoint","urlTemplate":"https:\/\/locations-06.fr\/de\/?s={search_term_string}"},"query-input":{"@type":"PropertyValueSpecification","valueRequired":true,"valueName":"search_term_string"}}],"inLanguage":"de"},{"@type":"Organization","@id":"https:\/\/locations-06.fr\/de\/#organization","name":"Locations-06.fr","alternateName":"Locations-06.fr","url":"https:\/\/locations-06.fr\/de\/","logo":{"@type":"ImageObject","inLanguage":"de","@id":"https:\/\/locations-06.fr\/de\/#\/schema\/logo\/image\/","url":"https:\/\/locations-06.fr\/wp-content\/uploads\/location-06-logo.png","contentUrl":"https:\/\/locations-06.fr\/wp-content\/uploads\/location-06-logo.png","width":180,"height":105,"caption":"Locations-06.fr"},"image":{"@id":"https:\/\/locations-06.fr\/de\/#\/schema\/logo\/image\/"},"sameAs":["https:\/\/www.facebook.com\/pascalecodera0632755107","https:\/\/x.com\/locations06","https:\/\/www.instagram.com\/locations_06\/?hl=fr"]}]}},"_links":{"self":[{"href":"https:\/\/locations-06.fr\/de\/wp-json\/wp\/v2\/pages\/13215","targetHints":{"allow":["GET"]}}],"collection":[{"href":"https:\/\/locations-06.fr\/de\/wp-json\/wp\/v2\/pages"}],"about":[{"href":"https:\/\/locations-06.fr\/de\/wp-json\/wp\/v2\/types\/page"}],"author":[{"embeddable":true,"href":"https:\/\/locations-06.fr\/de\/wp-json\/wp\/v2\/users\/2"}],"replies":[{"embeddable":true,"href":"https:\/\/locations-06.fr\/de\/wp-json\/wp\/v2\/comments?post=13215"}],"version-history":[{"count":4,"href":"https:\/\/locations-06.fr\/de\/wp-json\/wp\/v2\/pages\/13215\/revisions"}],"predecessor-version":[{"id":15512,"href":"https:\/\/locations-06.fr\/de\/wp-json\/wp\/v2\/pages\/13215\/revisions\/15512"}],"wp:featuredmedia":[{"embeddable":true,"href":"https:\/\/locations-06.fr\/de\/wp-json\/wp\/v2\/media\/7305"}],"wp:attachment":[{"href":"https:\/\/locations-06.fr\/de\/wp-json\/wp\/v2\/media?parent=13215"}],"curies":[{"name":"wp","href":"https:\/\/api.w.org\/{rel}","templated":true}]}}